{"id":74,"date":"2015-09-21T13:44:46","date_gmt":"2015-09-21T11:44:46","guid":{"rendered":"http:\/\/vilione.vvf.viko.lt\/?page_id=74"},"modified":"2017-01-11T10:33:23","modified_gmt":"2017-01-11T08:33:23","slug":"laikrastis","status":"publish","type":"page","link":"https:\/\/vilione.vvf.viko.lt\/?page_id=74","title":{"rendered":"Laikra\u0161tis"},"content":{"rendered":"<p><a href=\"https:\/\/vilione.vvf.viko.lt\/wp-content\/uploads\/2015\/09\/fhfghfghfghfghfgh.png\"><img loading=\"lazy\" class=\"alignnone size-medium wp-image-461\" src=\"https:\/\/vilione.vvf.viko.lt\/wp-content\/uploads\/2015\/09\/fhfghfghfghfghfgh-300x225.png\" alt=\"\" width=\"300\" height=\"225\" srcset=\"https:\/\/vilione.vvf.viko.lt\/wp-content\/uploads\/2015\/09\/fhfghfghfghfghfgh-300x225.png 300w, https:\/\/vilione.vvf.viko.lt\/wp-content\/uploads\/2015\/09\/fhfghfghfghfghfgh-768x576.png 768w, https:\/\/vilione.vvf.viko.lt\/wp-content\/uploads\/2015\/09\/fhfghfghfghfghfgh-1024x768.png 1024w, https:\/\/vilione.vvf.viko.lt\/wp-content\/uploads\/2015\/09\/fhfghfghfghfghfgh-624x468.png 624w, https:\/\/vilione.vvf.viko.lt\/wp-content\/uploads\/2015\/09\/fhfghfghfghfghfgh.png 2048w\" sizes=\"(max-width: 300px) 100vw, 300px\" \/><br \/>\n<\/a><a href=\"https:\/\/vilione.vvf.viko.lt\/wp-content\/uploads\/2015\/09\/Laikra\u0161tis-12.23.pdf\">Kal\u0117d\u0173 d\u017eiaugsmai<\/a><\/p>\n<p><a href=\"https:\/\/vilione.vvf.viko.lt\/wp-content\/uploads\/2015\/09\/gfdgfgfg.jpg\"><img loading=\"lazy\" class=\"alignnone size-medium wp-image-460\" src=\"https:\/\/vilione.vvf.viko.lt\/wp-content\/uploads\/2015\/09\/gfdgfgfg-300x169.jpg\" alt=\"\" width=\"300\" height=\"169\" srcset=\"https:\/\/vilione.vvf.viko.lt\/wp-content\/uploads\/2015\/09\/gfdgfgfg-300x169.jpg 300w, https:\/\/vilione.vvf.viko.lt\/wp-content\/uploads\/2015\/09\/gfdgfgfg-768x432.jpg 768w, https:\/\/vilione.vvf.viko.lt\/wp-content\/uploads\/2015\/09\/gfdgfgfg-1024x576.jpg 1024w, https:\/\/vilione.vvf.viko.lt\/wp-content\/uploads\/2015\/09\/gfdgfgfg-624x351.jpg 624w, https:\/\/vilione.vvf.viko.lt\/wp-content\/uploads\/2015\/09\/gfdgfgfg.jpg 1776w\" sizes=\"(max-width: 300px) 100vw, 300px\" \/><br \/>\n<\/a><a href=\"https:\/\/vilione.vvf.viko.lt\/wp-content\/uploads\/2015\/09\/Laikra\u0161tukas-1.pdf\">IB15 komanda<\/a><\/p>\n<p><a href=\"https:\/\/vilione.vvf.viko.lt\/wp-content\/uploads\/2015\/09\/tv15a-gfgfg.jpg\"><img loading=\"lazy\" class=\"alignnone size-medium wp-image-458\" src=\"https:\/\/vilione.vvf.viko.lt\/wp-content\/uploads\/2015\/09\/tv15a-gfgfg-300x168.jpg\" alt=\"\" width=\"300\" height=\"168\" srcset=\"https:\/\/vilione.vvf.viko.lt\/wp-content\/uploads\/2015\/09\/tv15a-gfgfg-300x168.jpg 300w, https:\/\/vilione.vvf.viko.lt\/wp-content\/uploads\/2015\/09\/tv15a-gfgfg-768x430.jpg 768w, https:\/\/vilione.vvf.viko.lt\/wp-content\/uploads\/2015\/09\/tv15a-gfgfg-624x350.jpg 624w, https:\/\/vilione.vvf.viko.lt\/wp-content\/uploads\/2015\/09\/tv15a-gfgfg.jpg 960w\" sizes=\"(max-width: 300px) 100vw, 300px\" \/><br \/>\n<\/a><a href=\"https:\/\/vilione.vvf.viko.lt\/wp-content\/uploads\/2015\/09\/nauj.pdf\">TV15 grup\u0117s studentai<\/a><\/p>\n<p><a href=\"https:\/\/vilione.vvf.viko.lt\/wp-content\/uploads\/2015\/09\/get.jpg\"><img loading=\"lazy\" class=\"alignnone size-medium wp-image-456\" src=\"https:\/\/vilione.vvf.viko.lt\/wp-content\/uploads\/2015\/09\/get-300x300.jpg\" alt=\"\" width=\"300\" height=\"300\" srcset=\"https:\/\/vilione.vvf.viko.lt\/wp-content\/uploads\/2015\/09\/get-300x300.jpg 300w, https:\/\/vilione.vvf.viko.lt\/wp-content\/uploads\/2015\/09\/get-150x150.jpg 150w, https:\/\/vilione.vvf.viko.lt\/wp-content\/uploads\/2015\/09\/get.jpg 320w\" sizes=\"(max-width: 300px) 100vw, 300px\" \/><br \/>\n<\/a><a href=\"https:\/\/vilione.vvf.viko.lt\/wp-content\/uploads\/2015\/09\/nr.3.pdf\">Svajoni\u0173 pildymas su \u201eVilione&#8221;<\/a><\/p>\n<p><a href=\"https:\/\/vilione.vvf.viko.lt\/wp-content\/uploads\/2015\/09\/kal\u0117d.png\"><img loading=\"lazy\" class=\"alignnone size-medium wp-image-454\" src=\"https:\/\/vilione.vvf.viko.lt\/wp-content\/uploads\/2015\/09\/kal\u0117d-300x191.png\" alt=\"\" width=\"300\" height=\"191\" srcset=\"https:\/\/vilione.vvf.viko.lt\/wp-content\/uploads\/2015\/09\/kal\u0117d-300x191.png 300w, https:\/\/vilione.vvf.viko.lt\/wp-content\/uploads\/2015\/09\/kal\u0117d.png 616w\" sizes=\"(max-width: 300px) 100vw, 300px\" \/><br \/>\n<\/a><a href=\"https:\/\/vilione.vvf.viko.lt\/wp-content\/uploads\/2015\/09\/laikrastis.pdf\">2015 met\u0173 \u0161ventinis leidinys<\/a><\/p>\n<p><a href=\"https:\/\/vilione.vvf.viko.lt\/wp-content\/uploads\/2015\/09\/tv14a.png\"><img loading=\"lazy\" class=\"alignnone size-medium wp-image-452\" src=\"https:\/\/vilione.vvf.viko.lt\/wp-content\/uploads\/2015\/09\/tv14a-300x170.png\" alt=\"\" width=\"300\" height=\"170\" srcset=\"https:\/\/vilione.vvf.viko.lt\/wp-content\/uploads\/2015\/09\/tv14a-300x170.png 300w, https:\/\/vilione.vvf.viko.lt\/wp-content\/uploads\/2015\/09\/tv14a.png 615w\" sizes=\"(max-width: 300px) 100vw, 300px\" \/><br \/>\n<\/a><a href=\"https:\/\/vilione.vvf.viko.lt\/wp-content\/uploads\/2015\/09\/Laikra\u0161tukas.pdf\">TV14A merginos<\/a><\/p>\n","protected":false},"excerpt":{"rendered":"<p>Kal\u0117d\u0173 d\u017eiaugsmai IB15 komanda TV15 grup\u0117s studentai Svajoni\u0173 pildymas su \u201eVilione&#8221; 2015 met\u0173 \u0161ventinis leidinys TV14A merginos<\/p>\n","protected":false},"author":3,"featured_media":0,"parent":0,"menu_order":0,"comment_status":"closed","ping_status":"closed","template":"","meta":[],"_links":{"self":[{"href":"https:\/\/vilione.vvf.viko.lt\/index.php?rest_route=\/wp\/v2\/pages\/74"}],"collection":[{"href":"https:\/\/vilione.vvf.viko.lt\/index.php?rest_route=\/wp\/v2\/pages"}],"about":[{"href":"https:\/\/vilione.vvf.viko.lt\/index.php?rest_route=\/wp\/v2\/types\/page"}],"author":[{"embeddable":true,"href":"https:\/\/vilione.vvf.viko.lt\/index.php?rest_route=\/wp\/v2\/users\/3"}],"replies":[{"embeddable":true,"href":"https:\/\/vilione.vvf.viko.lt\/index.php?rest_route=%2Fwp%2Fv2%2Fcomments&post=74"}],"version-history":[{"count":18,"href":"https:\/\/vilione.vvf.viko.lt\/index.php?rest_route=\/wp\/v2\/pages\/74\/revisions"}],"predecessor-version":[{"id":471,"href":"https:\/\/vilione.vvf.viko.lt\/index.php?rest_route=\/wp\/v2\/pages\/74\/revisions\/471"}],"wp:attachment":[{"href":"https:\/\/vilione.vvf.viko.lt\/index.php?rest_route=%2Fwp%2Fv2%2Fmedia&parent=74"}],"curies":[{"name":"wp","href":"https:\/\/api.w.org\/{rel}","templated":true}]}}