{"id":72,"date":"2015-09-21T13:44:36","date_gmt":"2015-09-21T11:44:36","guid":{"rendered":"http:\/\/vilione.vvf.viko.lt\/?page_id=72"},"modified":"2017-01-13T09:53:57","modified_gmt":"2017-01-13T07:53:57","slug":"renginiai-2","status":"publish","type":"page","link":"https:\/\/vilione.vvf.viko.lt\/?page_id=72","title":{"rendered":"Renginiai"},"content":{"rendered":"<p>&nbsp;<\/p>\n<ul>\n<li>\n<h1><em><strong>CV mokymai<\/strong><\/em><\/h1>\n<p>\u0160i\u0173 met\u0173 sausio 11d. IB ,,Vilion\u0117\u201c ir IB ,,Migl\u0117\u201c darbuotojai gavo puiki\u0105 prog\u0105 pagerinti savo guvenimo apra\u0161ym\u0105 (CV). Mus aplank\u0117 Beata Gervickait\u0117, kuri supa\u017eindino su svarbiausiais CV kriterijais : tvarkinga ir tinkama nuotrauka, trumpi ai\u0161k\u016bs sakyniai, vizualus aptrauklums. Taip pat da\u017eniausiai daromis klaidomis: informacijos perteklius, netinkamas el.pa\u0161tas, klaidos ir kt. Prisiminkite kad pagrindinis gyvenimo apra\u0161ymo tiklas \u2013 b\u016bti pakviestam \u012f darbo pokalb\u012f!D\u0117kojame pasidalinta ger\u0105ja patirtimi. jeigu kyla abejoni\u0173 d\u0117l CV, dabar turite ger\u0105 prog\u0105 pasitikrinti.<br \/>\nRa\u0161ykite : karjeroscentras@gmail.com, daugiau informacijos : www.karjera.viko.lt<br \/>\nPareng\u0117: IB ,,Vilion\u0117\u201c \u017dmogi\u0161k\u0173j\u0173 i\u0161tekli\u0173 skyrius<\/p>\n<p><a href=\"https:\/\/vilione.vvf.viko.lt\/wp-content\/uploads\/2015\/09\/ghfghfghfghg.jpg\"><img loading=\"lazy\" class=\"alignnone size-medium wp-image-472\" src=\"https:\/\/vilione.vvf.viko.lt\/wp-content\/uploads\/2015\/09\/ghfghfghfghg-150x300.jpg\" alt=\"\" width=\"150\" height=\"300\" srcset=\"https:\/\/vilione.vvf.viko.lt\/wp-content\/uploads\/2015\/09\/ghfghfghfghg-150x300.jpg 150w, https:\/\/vilione.vvf.viko.lt\/wp-content\/uploads\/2015\/09\/ghfghfghfghg-512x1024.jpg 512w, https:\/\/vilione.vvf.viko.lt\/wp-content\/uploads\/2015\/09\/ghfghfghfghg-624x1248.jpg 624w, https:\/\/vilione.vvf.viko.lt\/wp-content\/uploads\/2015\/09\/ghfghfghfghg.jpg 640w\" sizes=\"(max-width: 150px) 100vw, 150px\" \/><\/a><\/li>\n<li>\n<h1><em><strong>2016 lapkri\u010dio 22 diena<\/strong><\/em><\/h1>\n<p><a class=\"profileLink\" href=\"https:\/\/www.facebook.com\/simulith\/\" data-hovercard=\"\/ajax\/hovercard\/page.php?id=194383660608263\" data-hovercard-prefer-more-content-show=\"1\">\u201eSimulith\u201c centras<\/a>\/-o organizuoto verslo konkurso \u201eI\u0161bandyk savo id\u0117j\u0105\u201c dalyviai i\u0161m\u0117gino imitacinio verslo id\u0117j\u0105, susitiko su veikian\u010di\u0173 imitacini\u0173 bendrovi\u0173 atstovais, naudodamiesi \u0161io modelio teikiamais privalumais var\u017e\u0117si su kitomis komandomis. Renginio sve\u010diams apie imitacin\u0119 bendrov\u0119 &#8220;Vilion\u0117&#8221; (<a class=\"profileLink\" href=\"https:\/\/www.facebook.com\/VPMF-Vilion%C4%97-131054213633317\/\" data-hovercard=\"\/ajax\/hovercard\/page.php?id=131054213633317\" data-hovercard-prefer-more-content-show=\"1\">VPMF &#8220;Vilion\u0117&#8221;<\/a>) pasakojo jos vadov\u0117 ir Verslo vadybos fakulteto lektor\u0117 <a class=\"profileLink\" href=\"https:\/\/www.facebook.com\/ramune.rapkauskaite\" data-hovercard=\"\/ajax\/hovercard\/user.php?id=100000149665657\" data-hovercard-prefer-more-content-show=\"1\">Ramun\u0117 Rapkauskait\u0117<\/a>, komand\u0173 id\u0117jas drauge su IB &#8220;Migl\u0117&#8221; vadove Ona \u017digutiene vertino \u012eSTAIG\u0172 ADMINISTRAVIMO studentai.<br \/>\n<a href=\"https:\/\/vilione.vvf.viko.lt\/wp-content\/uploads\/2015\/09\/15095037_1168963696531007_6381813411230259386_n.jpg\"><img loading=\"lazy\" class=\"alignnone size-medium wp-image-486\" src=\"https:\/\/vilione.vvf.viko.lt\/wp-content\/uploads\/2015\/09\/15095037_1168963696531007_6381813411230259386_n-300x225.jpg\" alt=\"\" width=\"300\" height=\"225\" srcset=\"https:\/\/vilione.vvf.viko.lt\/wp-content\/uploads\/2015\/09\/15095037_1168963696531007_6381813411230259386_n-300x225.jpg 300w, https:\/\/vilione.vvf.viko.lt\/wp-content\/uploads\/2015\/09\/15095037_1168963696531007_6381813411230259386_n-768x575.jpg 768w, https:\/\/vilione.vvf.viko.lt\/wp-content\/uploads\/2015\/09\/15095037_1168963696531007_6381813411230259386_n-624x467.jpg 624w, https:\/\/vilione.vvf.viko.lt\/wp-content\/uploads\/2015\/09\/15095037_1168963696531007_6381813411230259386_n.jpg 960w\" sizes=\"(max-width: 300px) 100vw, 300px\" \/><\/a><\/li>\n<li>\n<h1><em><strong>Tarptautin\u0117 Turizmo diena<\/strong><\/em><\/h1>\n<p>IB \u201eVilion\u0117\u201c kartu su IB \u201eMigl\u0117\u201c 2016 m. Rugs\u0117jo 28 dien\u0105 \u012fam\u017eino besimokan\u010dius VIKO turistukus Tarptautin\u0117s Turizmo dienos proga. D\u0117kojame m\u016bs\u0173 partneriams: <a href=\"http:\/\/dronai24.lt\/\">dronai24.lt<\/a> ir <a href=\"http:\/\/www.extremedelight.lt\/\">extremedelight.lt<\/a> .<\/li>\n<\/ul>\n<p><a href=\"https:\/\/vilione.vvf.viko.lt\/wp-content\/uploads\/2015\/09\/VVF-1.jpg\"><img loading=\"lazy\" class=\"alignnone size-medium wp-image-378\" src=\"https:\/\/vilione.vvf.viko.lt\/wp-content\/uploads\/2015\/09\/VVF-1-300x169.jpg\" alt=\"vvf-1\" width=\"300\" height=\"169\" srcset=\"https:\/\/vilione.vvf.viko.lt\/wp-content\/uploads\/2015\/09\/VVF-1-300x169.jpg 300w, https:\/\/vilione.vvf.viko.lt\/wp-content\/uploads\/2015\/09\/VVF-1-768x431.jpg 768w, https:\/\/vilione.vvf.viko.lt\/wp-content\/uploads\/2015\/09\/VVF-1-1024x575.jpg 1024w, https:\/\/vilione.vvf.viko.lt\/wp-content\/uploads\/2015\/09\/VVF-1-624x350.jpg 624w\" sizes=\"(max-width: 300px) 100vw, 300px\" \/><\/a><a href=\"https:\/\/vilione.vvf.viko.lt\/wp-content\/uploads\/2015\/09\/VVF-13.jpg\"><img loading=\"lazy\" class=\"alignnone size-medium wp-image-379\" src=\"https:\/\/vilione.vvf.viko.lt\/wp-content\/uploads\/2015\/09\/VVF-13-300x168.jpg\" alt=\"vvf-13\" width=\"300\" height=\"168\" srcset=\"https:\/\/vilione.vvf.viko.lt\/wp-content\/uploads\/2015\/09\/VVF-13-300x168.jpg 300w, https:\/\/vilione.vvf.viko.lt\/wp-content\/uploads\/2015\/09\/VVF-13-768x431.jpg 768w, https:\/\/vilione.vvf.viko.lt\/wp-content\/uploads\/2015\/09\/VVF-13-1024x575.jpg 1024w, https:\/\/vilione.vvf.viko.lt\/wp-content\/uploads\/2015\/09\/VVF-13-624x350.jpg 624w\" sizes=\"(max-width: 300px) 100vw, 300px\" \/><\/a><\/p>\n<ul>\n<li>\n<h1><em><strong>Praktin\u0117 student\u0173 konferencija<\/strong><\/em><\/h1>\n<p>2016 m. vasario 26 dien\u0105 vyks I-oji respublikin\u0117 praktin\u0117 student\u0173 konferencija, kurios tema &#8211; \u00a0\u201eId\u0117j\u0173 kelias ugdant student\u0173 verslum\u0105\u201c. Rengin\u012f organizuoja Vilniaus kolegijos verslo vadybos fakultetas kartu su VPMF \u201eVilion\u0117\u201c, VPMF \u201eMigl\u0117\u201c ir VA14A grup\u0117s studentais.<\/li>\n<li>\n<h1><span style=\"text-decoration: underline; color: #3366ff;\"><em><strong>Respublikin\u0117 vaizdo konferencija.<\/strong><\/em><br \/>\n<\/span><\/h1>\n<p>Tema \u201eVerslumo ugdymo aspektai formaliajame ir neformaliajame \u0161vietime\u201c, kuri\u0105 rengia- Utenos kolegijos, elektroninio mokymo centro, verslo praktinio mokymo firmos. \u0160i konferencija vyks 2015 m. gruod\u017eio 8 d.<\/li>\n<\/ul>\n<p>&nbsp;<\/p>\n<ul>\n<li>\n<h1><em><strong><span style=\"color: #3366ff;\"><a style=\"color: #3366ff;\" href=\"https:\/\/vilione.vvf.viko.lt\/wp-content\/uploads\/2015\/09\/Sve\u010diuose-pas-VILION\u01181.docx\">Sve\u010diai i\u0161 \u010cekijos ir VPMF &#8220;Vigora&#8221;<\/a><\/span><\/strong><\/em><\/h1>\n<\/li>\n<\/ul>\n","protected":false},"excerpt":{"rendered":"<p>&nbsp; CV mokymai \u0160i\u0173 met\u0173 sausio 11d. IB ,,Vilion\u0117\u201c ir IB ,,Migl\u0117\u201c darbuotojai gavo puiki\u0105 prog\u0105 pagerinti savo guvenimo apra\u0161ym\u0105 (CV). Mus aplank\u0117 Beata Gervickait\u0117, kuri supa\u017eindino su svarbiausiais CV kriterijais : tvarkinga ir tinkama nuotrauka, trumpi ai\u0161k\u016bs sakyniai, vizualus aptrauklums. Taip pat da\u017eniausiai daromis klaidomis: informacijos perteklius, netinkamas el.pa\u0161tas, klaidos ir kt. Prisiminkite kad [&hellip;]<\/p>\n","protected":false},"author":3,"featured_media":0,"parent":0,"menu_order":0,"comment_status":"closed","ping_status":"closed","template":"","meta":[],"_links":{"self":[{"href":"https:\/\/vilione.vvf.viko.lt\/index.php?rest_route=\/wp\/v2\/pages\/72"}],"collection":[{"href":"https:\/\/vilione.vvf.viko.lt\/index.php?rest_route=\/wp\/v2\/pages"}],"about":[{"href":"https:\/\/vilione.vvf.viko.lt\/index.php?rest_route=\/wp\/v2\/types\/page"}],"author":[{"embeddable":true,"href":"https:\/\/vilione.vvf.viko.lt\/index.php?rest_route=\/wp\/v2\/users\/3"}],"replies":[{"embeddable":true,"href":"https:\/\/vilione.vvf.viko.lt\/index.php?rest_route=%2Fwp%2Fv2%2Fcomments&post=72"}],"version-history":[{"count":13,"href":"https:\/\/vilione.vvf.viko.lt\/index.php?rest_route=\/wp\/v2\/pages\/72\/revisions"}],"predecessor-version":[{"id":487,"href":"https:\/\/vilione.vvf.viko.lt\/index.php?rest_route=\/wp\/v2\/pages\/72\/revisions\/487"}],"wp:attachment":[{"href":"https:\/\/vilione.vvf.viko.lt\/index.php?rest_route=%2Fwp%2Fv2%2Fmedia&parent=72"}],"curies":[{"name":"wp","href":"https:\/\/api.w.org\/{rel}","templated":true}]}}