{"id":68,"date":"2015-09-21T13:41:19","date_gmt":"2015-09-21T11:41:19","guid":{"rendered":"http:\/\/vilione.vvf.viko.lt\/?page_id=68"},"modified":"2016-10-05T10:11:54","modified_gmt":"2016-10-05T08:11:54","slug":"savaitgalio-keliones","status":"publish","type":"page","link":"https:\/\/vilione.vvf.viko.lt\/?page_id=68","title":{"rendered":"Savaitgalio kelion\u0117s"},"content":{"rendered":"<p><a href=\"https:\/\/vilione.vvf.viko.lt\/wp-content\/uploads\/2015\/09\/Auk\u0161taitija-i\u0161siskiria-savo-vaizdingu-kra\u0161tovaizd\u017eiu-\u010dia-telk\u0161o-did\u017eiausi-giliausi-ir-ilgiausi-e\u017eerai-\u0161alyje..jpg\"><img loading=\"lazy\" class=\"alignnone size-medium wp-image-395\" src=\"https:\/\/vilione.vvf.viko.lt\/wp-content\/uploads\/2015\/09\/Auk\u0161taitija-i\u0161siskiria-savo-vaizdingu-kra\u0161tovaizd\u017eiu-\u010dia-telk\u0161o-did\u017eiausi-giliausi-ir-ilgiausi-e\u017eerai-\u0161alyje.-300x148.jpg\" alt=\"aukstaitija-issiskiria-savo-vaizdingu-krastovaizdziu-cia-telkso-didziausi-giliausi-ir-ilgiausi-ezerai-salyje\" width=\"300\" height=\"148\" srcset=\"https:\/\/vilione.vvf.viko.lt\/wp-content\/uploads\/2015\/09\/Auk\u0161taitija-i\u0161siskiria-savo-vaizdingu-kra\u0161tovaizd\u017eiu-\u010dia-telk\u0161o-did\u017eiausi-giliausi-ir-ilgiausi-e\u017eerai-\u0161alyje.-300x148.jpg 300w, https:\/\/vilione.vvf.viko.lt\/wp-content\/uploads\/2015\/09\/Auk\u0161taitija-i\u0161siskiria-savo-vaizdingu-kra\u0161tovaizd\u017eiu-\u010dia-telk\u0161o-did\u017eiausi-giliausi-ir-ilgiausi-e\u017eerai-\u0161alyje.-768x378.jpg 768w, https:\/\/vilione.vvf.viko.lt\/wp-content\/uploads\/2015\/09\/Auk\u0161taitija-i\u0161siskiria-savo-vaizdingu-kra\u0161tovaizd\u017eiu-\u010dia-telk\u0161o-did\u017eiausi-giliausi-ir-ilgiausi-e\u017eerai-\u0161alyje.-1024x504.jpg 1024w, https:\/\/vilione.vvf.viko.lt\/wp-content\/uploads\/2015\/09\/Auk\u0161taitija-i\u0161siskiria-savo-vaizdingu-kra\u0161tovaizd\u017eiu-\u010dia-telk\u0161o-did\u017eiausi-giliausi-ir-ilgiausi-e\u017eerai-\u0161alyje.-624x307.jpg 624w, https:\/\/vilione.vvf.viko.lt\/wp-content\/uploads\/2015\/09\/Auk\u0161taitija-i\u0161siskiria-savo-vaizdingu-kra\u0161tovaizd\u017eiu-\u010dia-telk\u0161o-did\u017eiausi-giliausi-ir-ilgiausi-e\u017eerai-\u0161alyje..jpg 1600w\" sizes=\"(max-width: 300px) 100vw, 300px\" \/><\/a><\/p>\n<p><a href=\"https:\/\/vilione.vvf.viko.lt\/wp-content\/uploads\/2015\/09\/Savaitgalio-poilsin\u0117-kelion\u0117.doc\">Savaitgalio pa\u017eintin\u0117 kelion\u0117 po nuostabi\u0105j\u0105 Auk\u0161taitij\u0105<\/a><\/p>\n<p><a href=\"https:\/\/vilione.vvf.viko.lt\/wp-content\/uploads\/2015\/09\/Bir\u0161tonas.jpg\"><img loading=\"lazy\" class=\"alignnone size-medium wp-image-268\" src=\"https:\/\/vilione.vvf.viko.lt\/wp-content\/uploads\/2015\/09\/Bir\u0161tonas-300x201.jpg\" alt=\"Bir\u0161tonas\" width=\"300\" height=\"201\" srcset=\"https:\/\/vilione.vvf.viko.lt\/wp-content\/uploads\/2015\/09\/Bir\u0161tonas-300x201.jpg 300w, https:\/\/vilione.vvf.viko.lt\/wp-content\/uploads\/2015\/09\/Bir\u0161tonas-624x417.jpg 624w, https:\/\/vilione.vvf.viko.lt\/wp-content\/uploads\/2015\/09\/Bir\u0161tonas.jpg 894w\" sizes=\"(max-width: 300px) 100vw, 300px\" \/><\/a><\/p>\n<p><a href=\"https:\/\/vilione.vvf.viko.lt\/wp-content\/uploads\/2015\/09\/Kelion\u0117-\u012f-Bir\u0161ton\u0105.docx\">Kelion\u0117 \u012f Bir\u0161ton\u0105<\/a><\/p>\n<p><a href=\"https:\/\/vilione.vvf.viko.lt\/wp-content\/uploads\/2015\/09\/Roma.jpg\"><img loading=\"lazy\" class=\"alignnone size-medium wp-image-272\" src=\"https:\/\/vilione.vvf.viko.lt\/wp-content\/uploads\/2015\/09\/Roma-300x188.jpg\" alt=\"Roma\" width=\"300\" height=\"188\" srcset=\"https:\/\/vilione.vvf.viko.lt\/wp-content\/uploads\/2015\/09\/Roma-300x188.jpg 300w, https:\/\/vilione.vvf.viko.lt\/wp-content\/uploads\/2015\/09\/Roma-1024x640.jpg 1024w, https:\/\/vilione.vvf.viko.lt\/wp-content\/uploads\/2015\/09\/Roma-624x390.jpg 624w, https:\/\/vilione.vvf.viko.lt\/wp-content\/uploads\/2015\/09\/Roma.jpg 2048w\" sizes=\"(max-width: 300px) 100vw, 300px\" \/><\/a><\/p>\n<p><a href=\"https:\/\/vilione.vvf.viko.lt\/wp-content\/uploads\/2015\/09\/Savaitgalio-kelione-\u012f-Roma.doc\">Savaitgalio kelion\u0117 \u012f Roma<\/a><\/p>\n","protected":false},"excerpt":{"rendered":"<p>Savaitgalio pa\u017eintin\u0117 kelion\u0117 po nuostabi\u0105j\u0105 Auk\u0161taitij\u0105 Kelion\u0117 \u012f Bir\u0161ton\u0105 Savaitgalio kelion\u0117 \u012f Roma<\/p>\n","protected":false},"author":3,"featured_media":0,"parent":58,"menu_order":0,"comment_status":"closed","ping_status":"closed","template":"","meta":[],"_links":{"self":[{"href":"https:\/\/vilione.vvf.viko.lt\/index.php?rest_route=\/wp\/v2\/pages\/68"}],"collection":[{"href":"https:\/\/vilione.vvf.viko.lt\/index.php?rest_route=\/wp\/v2\/pages"}],"about":[{"href":"https:\/\/vilione.vvf.viko.lt\/index.php?rest_route=\/wp\/v2\/types\/page"}],"author":[{"embeddable":true,"href":"https:\/\/vilione.vvf.viko.lt\/index.php?rest_route=\/wp\/v2\/users\/3"}],"replies":[{"embeddable":true,"href":"https:\/\/vilione.vvf.viko.lt\/index.php?rest_route=%2Fwp%2Fv2%2Fcomments&post=68"}],"version-history":[{"count":5,"href":"https:\/\/vilione.vvf.viko.lt\/index.php?rest_route=\/wp\/v2\/pages\/68\/revisions"}],"predecessor-version":[{"id":396,"href":"https:\/\/vilione.vvf.viko.lt\/index.php?rest_route=\/wp\/v2\/pages\/68\/revisions\/396"}],"up":[{"embeddable":true,"href":"https:\/\/vilione.vvf.viko.lt\/index.php?rest_route=\/wp\/v2\/pages\/58"}],"wp:attachment":[{"href":"https:\/\/vilione.vvf.viko.lt\/index.php?rest_route=%2Fwp%2Fv2%2Fmedia&parent=68"}],"curies":[{"name":"wp","href":"https:\/\/api.w.org\/{rel}","templated":true}]}}