{"id":66,"date":"2015-09-21T13:41:04","date_gmt":"2015-09-21T11:41:04","guid":{"rendered":"http:\/\/vilione.vvf.viko.lt\/?page_id=66"},"modified":"2017-01-09T10:23:47","modified_gmt":"2017-01-09T08:23:47","slug":"temines-keliones","status":"publish","type":"page","link":"https:\/\/vilione.vvf.viko.lt\/?page_id=66","title":{"rendered":"Temin\u0117s kelion\u0117s"},"content":{"rendered":"<p><a href=\"https:\/\/vilione.vvf.viko.lt\/wp-content\/uploads\/2015\/09\/kal\u0117dinis.jpg\"><img loading=\"lazy\" class=\"alignnone size-medium wp-image-434\" src=\"https:\/\/vilione.vvf.viko.lt\/wp-content\/uploads\/2015\/09\/kal\u0117dinis-300x200.jpg\" alt=\"\" width=\"300\" height=\"200\" srcset=\"https:\/\/vilione.vvf.viko.lt\/wp-content\/uploads\/2015\/09\/kal\u0117dinis-300x200.jpg 300w, https:\/\/vilione.vvf.viko.lt\/wp-content\/uploads\/2015\/09\/kal\u0117dinis.jpg 600w\" sizes=\"(max-width: 300px) 100vw, 300px\" \/><br \/>\n<\/a><a href=\"https:\/\/vilione.vvf.viko.lt\/wp-content\/uploads\/2015\/09\/Katalogas.docx\">Pasi\u016blymas \u0161ventes praleisti kelion\u0117je<\/a><\/p>\n<p><a href=\"https:\/\/vilione.vvf.viko.lt\/wp-content\/uploads\/2015\/09\/carnevale-venezia-10.jpg\"><img loading=\"lazy\" class=\"alignnone size-medium wp-image-391\" src=\"https:\/\/vilione.vvf.viko.lt\/wp-content\/uploads\/2015\/09\/carnevale-venezia-10-300x199.jpg\" alt=\"carnevale-venezia-10\" width=\"300\" height=\"199\" srcset=\"https:\/\/vilione.vvf.viko.lt\/wp-content\/uploads\/2015\/09\/carnevale-venezia-10-300x199.jpg 300w, https:\/\/vilione.vvf.viko.lt\/wp-content\/uploads\/2015\/09\/carnevale-venezia-10-768x509.jpg 768w, https:\/\/vilione.vvf.viko.lt\/wp-content\/uploads\/2015\/09\/carnevale-venezia-10.jpg 1024w, https:\/\/vilione.vvf.viko.lt\/wp-content\/uploads\/2015\/09\/carnevale-venezia-10-624x413.jpg 624w\" sizes=\"(max-width: 300px) 100vw, 300px\" \/><br \/>\n<\/a><a href=\"https:\/\/vilione.vvf.viko.lt\/wp-content\/uploads\/2015\/09\/Venecijos-karnavalo-s\u016bkuryje..docx\">Venecijos karnavalo s\u016bkuryje<\/a><\/p>\n<p><a href=\"https:\/\/vilione.vvf.viko.lt\/wp-content\/uploads\/2015\/09\/Vilnius1.jpg\"><img loading=\"lazy\" class=\"alignnone size-medium wp-image-276\" src=\"https:\/\/vilione.vvf.viko.lt\/wp-content\/uploads\/2015\/09\/Vilnius1-300x225.jpg\" alt=\"Vilnius\" width=\"300\" height=\"225\" srcset=\"https:\/\/vilione.vvf.viko.lt\/wp-content\/uploads\/2015\/09\/Vilnius1-300x225.jpg 300w, https:\/\/vilione.vvf.viko.lt\/wp-content\/uploads\/2015\/09\/Vilnius1.jpg 386w\" sizes=\"(max-width: 300px) 100vw, 300px\" \/><br \/>\n<\/a><a href=\"https:\/\/vilione.vvf.viko.lt\/wp-content\/uploads\/2015\/09\/Ekstremalus-laisvalaikis-Vilniuje.docx\">Ekstremalus laisvalaikis Vilniuje<\/a><\/p>\n<p><a href=\"https:\/\/vilione.vvf.viko.lt\/wp-content\/uploads\/2015\/09\/Suomija.jpg\"><img loading=\"lazy\" class=\"alignnone size-medium wp-image-279\" src=\"https:\/\/vilione.vvf.viko.lt\/wp-content\/uploads\/2015\/09\/Suomija-300x213.jpg\" alt=\"Suomija\" width=\"300\" height=\"213\" srcset=\"https:\/\/vilione.vvf.viko.lt\/wp-content\/uploads\/2015\/09\/Suomija-300x213.jpg 300w, https:\/\/vilione.vvf.viko.lt\/wp-content\/uploads\/2015\/09\/Suomija.jpg 550w\" sizes=\"(max-width: 300px) 100vw, 300px\" \/><br \/>\n<\/a><a href=\"https:\/\/vilione.vvf.viko.lt\/wp-content\/uploads\/2015\/09\/Kal\u0117din\u0117-kelion\u0117-\u012e-Suomij\u0105.docx\">Kal\u0117din\u0117 kelion\u0117 \u012e Suomij\u0105<\/a><\/p>\n","protected":false},"excerpt":{"rendered":"<p>Pasi\u016blymas \u0161ventes praleisti kelion\u0117je Venecijos karnavalo s\u016bkuryje Ekstremalus laisvalaikis Vilniuje Kal\u0117din\u0117 kelion\u0117 \u012e Suomij\u0105<\/p>\n","protected":false},"author":3,"featured_media":0,"parent":58,"menu_order":0,"comment_status":"closed","ping_status":"closed","template":"","meta":[],"_links":{"self":[{"href":"https:\/\/vilione.vvf.viko.lt\/index.php?rest_route=\/wp\/v2\/pages\/66"}],"collection":[{"href":"https:\/\/vilione.vvf.viko.lt\/index.php?rest_route=\/wp\/v2\/pages"}],"about":[{"href":"https:\/\/vilione.vvf.viko.lt\/index.php?rest_route=\/wp\/v2\/types\/page"}],"author":[{"embeddable":true,"href":"https:\/\/vilione.vvf.viko.lt\/index.php?rest_route=\/wp\/v2\/users\/3"}],"replies":[{"embeddable":true,"href":"https:\/\/vilione.vvf.viko.lt\/index.php?rest_route=%2Fwp%2Fv2%2Fcomments&post=66"}],"version-history":[{"count":6,"href":"https:\/\/vilione.vvf.viko.lt\/index.php?rest_route=\/wp\/v2\/pages\/66\/revisions"}],"predecessor-version":[{"id":435,"href":"https:\/\/vilione.vvf.viko.lt\/index.php?rest_route=\/wp\/v2\/pages\/66\/revisions\/435"}],"up":[{"embeddable":true,"href":"https:\/\/vilione.vvf.viko.lt\/index.php?rest_route=\/wp\/v2\/pages\/58"}],"wp:attachment":[{"href":"https:\/\/vilione.vvf.viko.lt\/index.php?rest_route=%2Fwp%2Fv2%2Fmedia&parent=66"}],"curies":[{"name":"wp","href":"https:\/\/api.w.org\/{rel}","templated":true}]}}