{"id":64,"date":"2015-09-21T13:40:47","date_gmt":"2015-09-21T11:40:47","guid":{"rendered":"http:\/\/vilione.vvf.viko.lt\/?page_id=64"},"modified":"2016-10-05T09:23:49","modified_gmt":"2016-10-05T07:23:49","slug":"kruizai","status":"publish","type":"page","link":"https:\/\/vilione.vvf.viko.lt\/?page_id=64","title":{"rendered":"Kruizai"},"content":{"rendered":"<p><a href=\"https:\/\/vilione.vvf.viko.lt\/wp-content\/uploads\/2015\/09\/kruiz.jpg\"><img loading=\"lazy\" class=\"alignnone size-medium wp-image-383\" src=\"https:\/\/vilione.vvf.viko.lt\/wp-content\/uploads\/2015\/09\/kruiz-300x199.jpg\" alt=\"kruiz\" width=\"300\" height=\"199\" srcset=\"https:\/\/vilione.vvf.viko.lt\/wp-content\/uploads\/2015\/09\/kruiz-300x199.jpg 300w, https:\/\/vilione.vvf.viko.lt\/wp-content\/uploads\/2015\/09\/kruiz-768x510.jpg 768w, https:\/\/vilione.vvf.viko.lt\/wp-content\/uploads\/2015\/09\/kruiz.jpg 1024w, https:\/\/vilione.vvf.viko.lt\/wp-content\/uploads\/2015\/09\/kruiz-624x414.jpg 624w\" sizes=\"(max-width: 300px) 100vw, 300px\" \/><\/a><\/p>\n<p><a href=\"https:\/\/vilione.vvf.viko.lt\/wp-content\/uploads\/2015\/09\/Kruizin\u0117_kelion\u0117_7d.docx\">7 dien\u0173 kruizas po Vidur\u017eemio j\u016br\u0105<\/a><\/p>\n<p><img loading=\"lazy\" class=\"wp-image-261 alignnone\" src=\"https:\/\/vilione.vvf.viko.lt\/wp-content\/uploads\/2015\/09\/vidurzemio-kruizas-300x119.jpg\" alt=\"vidurzemio kruizas\" width=\"232\" height=\"92\" srcset=\"https:\/\/vilione.vvf.viko.lt\/wp-content\/uploads\/2015\/09\/vidurzemio-kruizas-300x119.jpg 300w, https:\/\/vilione.vvf.viko.lt\/wp-content\/uploads\/2015\/09\/vidurzemio-kruizas.jpg 500w\" sizes=\"(max-width: 232px) 100vw, 232px\" \/><\/p>\n<p><a href=\"https:\/\/vilione.vvf.viko.lt\/wp-content\/uploads\/2015\/09\/Vidur\u017eemio-j\u016bros-kruizin\u0117-kelion\u0117.docx\">Vidur\u017eemio j\u016bros kruizin\u0117 kelion\u0117<\/a><\/p>\n","protected":false},"excerpt":{"rendered":"<p>7 dien\u0173 kruizas po Vidur\u017eemio j\u016br\u0105 Vidur\u017eemio j\u016bros kruizin\u0117 kelion\u0117<\/p>\n","protected":false},"author":3,"featured_media":0,"parent":58,"menu_order":0,"comment_status":"closed","ping_status":"closed","template":"","meta":[],"_links":{"self":[{"href":"https:\/\/vilione.vvf.viko.lt\/index.php?rest_route=\/wp\/v2\/pages\/64"}],"collection":[{"href":"https:\/\/vilione.vvf.viko.lt\/index.php?rest_route=\/wp\/v2\/pages"}],"about":[{"href":"https:\/\/vilione.vvf.viko.lt\/index.php?rest_route=\/wp\/v2\/types\/page"}],"author":[{"embeddable":true,"href":"https:\/\/vilione.vvf.viko.lt\/index.php?rest_route=\/wp\/v2\/users\/3"}],"replies":[{"embeddable":true,"href":"https:\/\/vilione.vvf.viko.lt\/index.php?rest_route=%2Fwp%2Fv2%2Fcomments&post=64"}],"version-history":[{"count":5,"href":"https:\/\/vilione.vvf.viko.lt\/index.php?rest_route=\/wp\/v2\/pages\/64\/revisions"}],"predecessor-version":[{"id":384,"href":"https:\/\/vilione.vvf.viko.lt\/index.php?rest_route=\/wp\/v2\/pages\/64\/revisions\/384"}],"up":[{"embeddable":true,"href":"https:\/\/vilione.vvf.viko.lt\/index.php?rest_route=\/wp\/v2\/pages\/58"}],"wp:attachment":[{"href":"https:\/\/vilione.vvf.viko.lt\/index.php?rest_route=%2Fwp%2Fv2%2Fmedia&parent=64"}],"curies":[{"name":"wp","href":"https:\/\/api.w.org\/{rel}","templated":true}]}}