{"id":62,"date":"2015-09-21T13:40:36","date_gmt":"2015-09-21T11:40:36","guid":{"rendered":"http:\/\/vilione.vvf.viko.lt\/?page_id=62"},"modified":"2017-01-09T10:27:15","modified_gmt":"2017-01-09T08:27:15","slug":"pazintines","status":"publish","type":"page","link":"https:\/\/vilione.vvf.viko.lt\/?page_id=62","title":{"rendered":"Pa\u017eintin\u0117s"},"content":{"rendered":"<p><a href=\"https:\/\/vilione.vvf.viko.lt\/wp-content\/uploads\/2015\/09\/anyk\u0161.jpg\"><img loading=\"lazy\" class=\"alignnone size-medium wp-image-437\" src=\"https:\/\/vilione.vvf.viko.lt\/wp-content\/uploads\/2015\/09\/anyk\u0161-300x212.jpg\" alt=\"\" width=\"300\" height=\"212\" srcset=\"https:\/\/vilione.vvf.viko.lt\/wp-content\/uploads\/2015\/09\/anyk\u0161-300x212.jpg 300w, https:\/\/vilione.vvf.viko.lt\/wp-content\/uploads\/2015\/09\/anyk\u0161.jpg 452w\" sizes=\"(max-width: 300px) 100vw, 300px\" \/><br \/>\n<\/a><a href=\"https:\/\/vilione.vvf.viko.lt\/wp-content\/uploads\/2015\/09\/pasiulymas-anyksciai.docx\">Vienos dienos pa\u017eintin\u0117 i\u0161vyka \u012f Anyk\u0161\u010dius<\/a><\/p>\n<p><a href=\"https:\/\/vilione.vvf.viko.lt\/wp-content\/uploads\/2015\/09\/barselona.jpg\"><img loading=\"lazy\" class=\"alignnone size-medium wp-image-431\" src=\"https:\/\/vilione.vvf.viko.lt\/wp-content\/uploads\/2015\/09\/barselona-300x200.jpg\" alt=\"\" width=\"300\" height=\"200\" srcset=\"https:\/\/vilione.vvf.viko.lt\/wp-content\/uploads\/2015\/09\/barselona-300x200.jpg 300w, https:\/\/vilione.vvf.viko.lt\/wp-content\/uploads\/2015\/09\/barselona-624x415.jpg 624w, https:\/\/vilione.vvf.viko.lt\/wp-content\/uploads\/2015\/09\/barselona.jpg 646w\" sizes=\"(max-width: 300px) 100vw, 300px\" \/><br \/>\n<\/a><a href=\"https:\/\/vilione.vvf.viko.lt\/wp-content\/uploads\/2015\/09\/Katalogas.baigtas.docx\">Pa\u017eintin\u0117 kelion\u0117 \u012f Barselon\u0105<\/a><\/p>\n<p><a href=\"https:\/\/vilione.vvf.viko.lt\/wp-content\/uploads\/2015\/09\/2320133_IYqCYw.jpeg\"><img loading=\"lazy\" class=\"alignnone size-medium wp-image-399\" src=\"https:\/\/vilione.vvf.viko.lt\/wp-content\/uploads\/2015\/09\/2320133_IYqCYw-300x200.jpeg\" alt=\"2320133_iyqcyw\" width=\"300\" height=\"200\" srcset=\"https:\/\/vilione.vvf.viko.lt\/wp-content\/uploads\/2015\/09\/2320133_IYqCYw-300x200.jpeg 300w, https:\/\/vilione.vvf.viko.lt\/wp-content\/uploads\/2015\/09\/2320133_IYqCYw-624x415.jpeg 624w, https:\/\/vilione.vvf.viko.lt\/wp-content\/uploads\/2015\/09\/2320133_IYqCYw.jpeg 630w\" sizes=\"(max-width: 300px) 100vw, 300px\" \/><br \/>\n<\/a><a href=\"https:\/\/vilione.vvf.viko.lt\/wp-content\/uploads\/2015\/09\/Pa\u017eink-paj\u016br\u012f.doc\">Pa\u017eink Lietuvos Paj\u016br\u012f<\/a><\/p>\n<p><a href=\"https:\/\/vilione.vvf.viko.lt\/wp-content\/uploads\/2015\/09\/sicily.jpg\"><img loading=\"lazy\" class=\"alignnone size-medium wp-image-400\" src=\"https:\/\/vilione.vvf.viko.lt\/wp-content\/uploads\/2015\/09\/sicily-300x141.jpg\" alt=\"sicily\" width=\"300\" height=\"141\" srcset=\"https:\/\/vilione.vvf.viko.lt\/wp-content\/uploads\/2015\/09\/sicily-300x141.jpg 300w, https:\/\/vilione.vvf.viko.lt\/wp-content\/uploads\/2015\/09\/sicily-768x360.jpg 768w, https:\/\/vilione.vvf.viko.lt\/wp-content\/uploads\/2015\/09\/sicily-1024x480.jpg 1024w, https:\/\/vilione.vvf.viko.lt\/wp-content\/uploads\/2015\/09\/sicily-624x293.jpg 624w, https:\/\/vilione.vvf.viko.lt\/wp-content\/uploads\/2015\/09\/sicily.jpg 1280w\" sizes=\"(max-width: 300px) 100vw, 300px\" \/><br \/>\n<\/a><a href=\"https:\/\/vilione.vvf.viko.lt\/wp-content\/uploads\/2015\/09\/Pa\u017eink-paslapting\u0105j\u0105-Sicilij\u0105.docx\">Susipa\u017einkite su paslapting\u0105ja Sicilija<\/a><\/p>\n<p><a href=\"https:\/\/vilione.vvf.viko.lt\/wp-content\/uploads\/2015\/09\/poland.jpg\"><img loading=\"lazy\" class=\"alignnone size-medium wp-image-374\" src=\"https:\/\/vilione.vvf.viko.lt\/wp-content\/uploads\/2015\/09\/poland-300x200.jpg\" alt=\"poland\" width=\"300\" height=\"200\" srcset=\"https:\/\/vilione.vvf.viko.lt\/wp-content\/uploads\/2015\/09\/poland-300x200.jpg 300w, https:\/\/vilione.vvf.viko.lt\/wp-content\/uploads\/2015\/09\/poland.jpg 386w\" sizes=\"(max-width: 300px) 100vw, 300px\" \/><br \/>\n<\/a><a href=\"https:\/\/vilione.vvf.viko.lt\/wp-content\/uploads\/2015\/09\/Vidurio-Europos-gro\u017eis.docx\">Vidurio Europos gro\u017eis<\/a><\/p>\n<p><a href=\"https:\/\/vilione.vvf.viko.lt\/wp-content\/uploads\/2015\/09\/\u00e5lesund.jpg\"><img loading=\"lazy\" class=\"alignnone size-medium wp-image-107\" src=\"https:\/\/vilione.vvf.viko.lt\/wp-content\/uploads\/2015\/09\/\u00e5lesund-300x169.jpg\" alt=\"\u00e5lesund\" width=\"300\" height=\"169\" srcset=\"https:\/\/vilione.vvf.viko.lt\/wp-content\/uploads\/2015\/09\/\u00e5lesund-300x169.jpg 300w, https:\/\/vilione.vvf.viko.lt\/wp-content\/uploads\/2015\/09\/\u00e5lesund-624x351.jpg 624w, https:\/\/vilione.vvf.viko.lt\/wp-content\/uploads\/2015\/09\/\u00e5lesund.jpg 980w\" sizes=\"(max-width: 300px) 100vw, 300px\" \/><br \/>\n<\/a><a href=\"https:\/\/vilione.vvf.viko.lt\/wp-content\/uploads\/2015\/09\/NORVEGIJA.P\u017d11.ppt\">Kelion\u0117 \u012f Norvegij\u0105<\/a><\/p>\n<p><a href=\"https:\/\/vilione.vvf.viko.lt\/wp-content\/uploads\/2015\/09\/buenos-aires-tango.jpg\"><img loading=\"lazy\" class=\"alignnone size-medium wp-image-86\" src=\"https:\/\/vilione.vvf.viko.lt\/wp-content\/uploads\/2015\/09\/buenos-aires-tango-300x199.jpg\" alt=\"buenos-aires-tango\" width=\"300\" height=\"199\" srcset=\"https:\/\/vilione.vvf.viko.lt\/wp-content\/uploads\/2015\/09\/buenos-aires-tango-300x199.jpg 300w, https:\/\/vilione.vvf.viko.lt\/wp-content\/uploads\/2015\/09\/buenos-aires-tango-624x415.jpg 624w, https:\/\/vilione.vvf.viko.lt\/wp-content\/uploads\/2015\/09\/buenos-aires-tango.jpg 900w\" sizes=\"(max-width: 300px) 100vw, 300px\" \/><br \/>\n<\/a><a href=\"https:\/\/vilione.vvf.viko.lt\/wp-content\/uploads\/2015\/09\/Kelion\u0117-\u012f-Argentin\u0105.doc-Diana.doc-2.doc\">Kelion\u0117 \u012f Argentin\u0105.<\/a><\/p>\n<p style=\"text-align: left;\"><a href=\"https:\/\/vilione.vvf.viko.lt\/wp-content\/uploads\/2015\/09\/baravykas-gali-tureti-gyvsidabrio-653951281.jpg\"><img loading=\"lazy\" class=\"alignnone size-medium wp-image-95\" src=\"https:\/\/vilione.vvf.viko.lt\/wp-content\/uploads\/2015\/09\/baravykas-gali-tureti-gyvsidabrio-653951281-300x225.jpg\" alt=\"baravykas-gali-tureti-gyvsidabrio-65395128\" width=\"300\" height=\"225\" srcset=\"https:\/\/vilione.vvf.viko.lt\/wp-content\/uploads\/2015\/09\/baravykas-gali-tureti-gyvsidabrio-653951281-300x225.jpg 300w, https:\/\/vilione.vvf.viko.lt\/wp-content\/uploads\/2015\/09\/baravykas-gali-tureti-gyvsidabrio-653951281-624x468.jpg 624w, https:\/\/vilione.vvf.viko.lt\/wp-content\/uploads\/2015\/09\/baravykas-gali-tureti-gyvsidabrio-653951281.jpg 900w\" sizes=\"(max-width: 300px) 100vw, 300px\" \/><br \/>\n<\/a><a href=\"https:\/\/vilione.vvf.viko.lt\/wp-content\/uploads\/2015\/09\/Dzukija.odp\">Kelion\u0117 \u012f Dz\u016bkij\u0105<\/a><\/p>\n<p style=\"text-align: left;\"><a href=\"https:\/\/vilione.vvf.viko.lt\/wp-content\/uploads\/2015\/09\/\u010dernobilis.jpg\"><img loading=\"lazy\" class=\"alignnone wp-image-265 \" src=\"https:\/\/vilione.vvf.viko.lt\/wp-content\/uploads\/2015\/09\/\u010dernobilis-300x170.jpg\" alt=\"\u010dernobilis\" width=\"298\" height=\"169\" \/><br \/>\n<\/a><a href=\"https:\/\/vilione.vvf.viko.lt\/wp-content\/uploads\/2015\/09\/Kelion\u0117-\u012f-\u010cernobil\u012f-.doc\">Kelion\u0117 \u012f \u010cernobil\u012f<\/a><\/p>\n","protected":false},"excerpt":{"rendered":"<p>Vienos dienos pa\u017eintin\u0117 i\u0161vyka \u012f Anyk\u0161\u010dius Pa\u017eintin\u0117 kelion\u0117 \u012f Barselon\u0105 Pa\u017eink Lietuvos Paj\u016br\u012f Susipa\u017einkite su paslapting\u0105ja Sicilija Vidurio Europos gro\u017eis Kelion\u0117 \u012f Norvegij\u0105 Kelion\u0117 \u012f Argentin\u0105. Kelion\u0117 \u012f Dz\u016bkij\u0105 Kelion\u0117 \u012f \u010cernobil\u012f<\/p>\n","protected":false},"author":3,"featured_media":0,"parent":58,"menu_order":0,"comment_status":"closed","ping_status":"closed","template":"","meta":[],"_links":{"self":[{"href":"https:\/\/vilione.vvf.viko.lt\/index.php?rest_route=\/wp\/v2\/pages\/62"}],"collection":[{"href":"https:\/\/vilione.vvf.viko.lt\/index.php?rest_route=\/wp\/v2\/pages"}],"about":[{"href":"https:\/\/vilione.vvf.viko.lt\/index.php?rest_route=\/wp\/v2\/types\/page"}],"author":[{"embeddable":true,"href":"https:\/\/vilione.vvf.viko.lt\/index.php?rest_route=\/wp\/v2\/users\/3"}],"replies":[{"embeddable":true,"href":"https:\/\/vilione.vvf.viko.lt\/index.php?rest_route=%2Fwp%2Fv2%2Fcomments&post=62"}],"version-history":[{"count":21,"href":"https:\/\/vilione.vvf.viko.lt\/index.php?rest_route=\/wp\/v2\/pages\/62\/revisions"}],"predecessor-version":[{"id":438,"href":"https:\/\/vilione.vvf.viko.lt\/index.php?rest_route=\/wp\/v2\/pages\/62\/revisions\/438"}],"up":[{"embeddable":true,"href":"https:\/\/vilione.vvf.viko.lt\/index.php?rest_route=\/wp\/v2\/pages\/58"}],"wp:attachment":[{"href":"https:\/\/vilione.vvf.viko.lt\/index.php?rest_route=%2Fwp%2Fv2%2Fmedia&parent=62"}],"curies":[{"name":"wp","href":"https:\/\/api.w.org\/{rel}","templated":true}]}}