{"id":60,"date":"2015-09-21T13:40:25","date_gmt":"2015-09-21T11:40:25","guid":{"rendered":"http:\/\/vilione.vvf.viko.lt\/?page_id=60"},"modified":"2017-01-09T10:28:59","modified_gmt":"2017-01-09T08:28:59","slug":"poilsines","status":"publish","type":"page","link":"https:\/\/vilione.vvf.viko.lt\/?page_id=60","title":{"rendered":"Poilsin\u0117s"},"content":{"rendered":"<p><a href=\"https:\/\/vilione.vvf.viko.lt\/wp-content\/uploads\/2015\/09\/bir\u0161t.jpg\"><img loading=\"lazy\" class=\"alignnone size-medium wp-image-440\" src=\"https:\/\/vilione.vvf.viko.lt\/wp-content\/uploads\/2015\/09\/bir\u0161t-300x225.jpg\" alt=\"\" width=\"300\" height=\"225\" srcset=\"https:\/\/vilione.vvf.viko.lt\/wp-content\/uploads\/2015\/09\/bir\u0161t-300x225.jpg 300w, https:\/\/vilione.vvf.viko.lt\/wp-content\/uploads\/2015\/09\/bir\u0161t-624x468.jpg 624w, https:\/\/vilione.vvf.viko.lt\/wp-content\/uploads\/2015\/09\/bir\u0161t.jpg 700w\" sizes=\"(max-width: 300px) 100vw, 300px\" \/><br \/>\n<\/a><a href=\"https:\/\/vilione.vvf.viko.lt\/wp-content\/uploads\/2015\/09\/Romantine-kelione.docx\">Poilsis Bir\u0161tone<\/a><\/p>\n<p><a href=\"https:\/\/vilione.vvf.viko.lt\/wp-content\/uploads\/2015\/09\/spa.jpg\"><img loading=\"lazy\" class=\"alignnone size-medium wp-image-405\" src=\"https:\/\/vilione.vvf.viko.lt\/wp-content\/uploads\/2015\/09\/spa-300x204.jpg\" alt=\"spa\" width=\"300\" height=\"204\" srcset=\"https:\/\/vilione.vvf.viko.lt\/wp-content\/uploads\/2015\/09\/spa-300x204.jpg 300w, https:\/\/vilione.vvf.viko.lt\/wp-content\/uploads\/2015\/09\/spa.jpg 450w\" sizes=\"(max-width: 300px) 100vw, 300px\" \/><br \/>\n<\/a><a href=\"https:\/\/vilione.vvf.viko.lt\/wp-content\/uploads\/2015\/09\/Atgauk-j\u0117gas.docx\">Atgauk j\u0117gas geriausiuose Lietuvos SPA<\/a><\/p>\n<p><a href=\"https:\/\/vilione.vvf.viko.lt\/wp-content\/uploads\/2015\/09\/graikija.jpg\"><img loading=\"lazy\" class=\"alignnone size-medium wp-image-406\" src=\"https:\/\/vilione.vvf.viko.lt\/wp-content\/uploads\/2015\/09\/graikija-300x200.jpg\" alt=\"graikija\" width=\"300\" height=\"200\" srcset=\"https:\/\/vilione.vvf.viko.lt\/wp-content\/uploads\/2015\/09\/graikija-300x200.jpg 300w, https:\/\/vilione.vvf.viko.lt\/wp-content\/uploads\/2015\/09\/graikija-768x512.jpg 768w, https:\/\/vilione.vvf.viko.lt\/wp-content\/uploads\/2015\/09\/graikija-624x416.jpg 624w, https:\/\/vilione.vvf.viko.lt\/wp-content\/uploads\/2015\/09\/graikija.jpg 900w\" sizes=\"(max-width: 300px) 100vw, 300px\" \/><br \/>\n<\/a><a href=\"https:\/\/vilione.vvf.viko.lt\/wp-content\/uploads\/2015\/09\/Graikija.docx\">Nepamir\u0161tama filosofijos gimtin\u0117 Graikijoje<\/a><\/p>\n<p><a href=\"https:\/\/vilione.vvf.viko.lt\/wp-content\/uploads\/2015\/09\/paryzius.jpg\"><img loading=\"lazy\" class=\"alignnone size-medium wp-image-407\" src=\"https:\/\/vilione.vvf.viko.lt\/wp-content\/uploads\/2015\/09\/paryzius-300x200.jpg\" alt=\"paryzius\" width=\"300\" height=\"200\" srcset=\"https:\/\/vilione.vvf.viko.lt\/wp-content\/uploads\/2015\/09\/paryzius-300x200.jpg 300w, https:\/\/vilione.vvf.viko.lt\/wp-content\/uploads\/2015\/09\/paryzius-768x512.jpg 768w, https:\/\/vilione.vvf.viko.lt\/wp-content\/uploads\/2015\/09\/paryzius-624x416.jpg 624w, https:\/\/vilione.vvf.viko.lt\/wp-content\/uploads\/2015\/09\/paryzius.jpg 1000w\" sizes=\"(max-width: 300px) 100vw, 300px\" \/><br \/>\n<\/a><a href=\"https:\/\/vilione.vvf.viko.lt\/wp-content\/uploads\/2015\/09\/Romanti\u0161kas-savaitgalis-meil\u0117s-mieste-Pary\u017eiuje.doc\">Romanti\u0161kas savaitgalis meil\u0117s mieste Pary\u017eiuje<\/a><\/p>\n<p><a href=\"https:\/\/vilione.vvf.viko.lt\/wp-content\/uploads\/2015\/09\/Meksika.jpg\"><img loading=\"lazy\" class=\"alignnone size-medium wp-image-282\" src=\"https:\/\/vilione.vvf.viko.lt\/wp-content\/uploads\/2015\/09\/Meksika-300x176.jpg\" alt=\"Meksika\" width=\"300\" height=\"176\" srcset=\"https:\/\/vilione.vvf.viko.lt\/wp-content\/uploads\/2015\/09\/Meksika-300x176.jpg 300w, https:\/\/vilione.vvf.viko.lt\/wp-content\/uploads\/2015\/09\/Meksika.jpg 460w\" sizes=\"(max-width: 300px) 100vw, 300px\" \/><br \/>\n<\/a><a href=\"https:\/\/vilione.vvf.viko.lt\/wp-content\/uploads\/2015\/09\/Meksika.doc\">Poilsis Meksikoje<\/a><\/p>\n<p><a href=\"https:\/\/vilione.vvf.viko.lt\/wp-content\/uploads\/2015\/09\/LeMeridienBoraBoraCouples.jpg\"><img loading=\"lazy\" class=\"alignnone size-medium wp-image-354\" src=\"https:\/\/vilione.vvf.viko.lt\/wp-content\/uploads\/2015\/09\/LeMeridienBoraBoraCouples-300x201.jpg\" alt=\"LeMeridienBoraBoraCouples\" width=\"300\" height=\"201\" srcset=\"https:\/\/vilione.vvf.viko.lt\/wp-content\/uploads\/2015\/09\/LeMeridienBoraBoraCouples-300x201.jpg 300w, https:\/\/vilione.vvf.viko.lt\/wp-content\/uploads\/2015\/09\/LeMeridienBoraBoraCouples.jpg 550w\" sizes=\"(max-width: 300px) 100vw, 300px\" \/><br \/>\n<\/a><a href=\"https:\/\/vilione.vvf.viko.lt\/wp-content\/uploads\/2015\/09\/Bora-Bora-11.doc-geras1.doc\">Bora-Bora<\/a><\/p>\n","protected":false},"excerpt":{"rendered":"<p>Poilsis Bir\u0161tone Atgauk j\u0117gas geriausiuose Lietuvos SPA Nepamir\u0161tama filosofijos gimtin\u0117 Graikijoje Romanti\u0161kas savaitgalis meil\u0117s mieste Pary\u017eiuje Poilsis Meksikoje Bora-Bora<\/p>\n","protected":false},"author":3,"featured_media":0,"parent":58,"menu_order":0,"comment_status":"closed","ping_status":"closed","template":"","meta":[],"_links":{"self":[{"href":"https:\/\/vilione.vvf.viko.lt\/index.php?rest_route=\/wp\/v2\/pages\/60"}],"collection":[{"href":"https:\/\/vilione.vvf.viko.lt\/index.php?rest_route=\/wp\/v2\/pages"}],"about":[{"href":"https:\/\/vilione.vvf.viko.lt\/index.php?rest_route=\/wp\/v2\/types\/page"}],"author":[{"embeddable":true,"href":"https:\/\/vilione.vvf.viko.lt\/index.php?rest_route=\/wp\/v2\/users\/3"}],"replies":[{"embeddable":true,"href":"https:\/\/vilione.vvf.viko.lt\/index.php?rest_route=%2Fwp%2Fv2%2Fcomments&post=60"}],"version-history":[{"count":7,"href":"https:\/\/vilione.vvf.viko.lt\/index.php?rest_route=\/wp\/v2\/pages\/60\/revisions"}],"predecessor-version":[{"id":441,"href":"https:\/\/vilione.vvf.viko.lt\/index.php?rest_route=\/wp\/v2\/pages\/60\/revisions\/441"}],"up":[{"embeddable":true,"href":"https:\/\/vilione.vvf.viko.lt\/index.php?rest_route=\/wp\/v2\/pages\/58"}],"wp:attachment":[{"href":"https:\/\/vilione.vvf.viko.lt\/index.php?rest_route=%2Fwp%2Fv2%2Fmedia&parent=60"}],"curies":[{"name":"wp","href":"https:\/\/api.w.org\/{rel}","templated":true}]}}