{"id":50,"date":"2015-09-21T12:39:30","date_gmt":"2015-09-21T10:39:30","guid":{"rendered":"http:\/\/vilione.vvf.viko.lt\/?page_id=50"},"modified":"2015-09-24T13:56:08","modified_gmt":"2015-09-24T11:56:08","slug":"tarptautiniu-rysiu-ir-rinkodaros-skyrius-2","status":"publish","type":"page","link":"https:\/\/vilione.vvf.viko.lt\/?page_id=50","title":{"rendered":"Tarptautini\u0173 ry\u0161i\u0173 ir rinkodaros skyrius"},"content":{"rendered":"<h2>Tikslas:<\/h2>\n<p>\u012ftvirtinti ir prapl\u0117sti teorines \u017einias praktin\u0117je veikloje, b\u016btinas dirbant tarptautini\u0173 ry\u0161i\u0173 ir rinkodaros skyriuje realiose firmose.<\/p>\n<p>Su\u017einoti ir pritaikyti pagrindinius rinkodaros principus, padedan\u010dius pasiekti \u017emogaus ir organizacijos tikslus.<\/p>\n<p><strong><span style=\"text-decoration: underline;\"><\/span><\/strong><strong>U\u017edaviniai<\/strong><\/p>\n<ul>\n<li>Geb\u0117ti taikyti LR \u012fstatymus ir po\u012fstatyminius aktus, reglamentuojan\u010dius tarptautini\u0173 ry\u0161i\u0173 ir rinkodaros skyriaus veikl\u0105.<\/li>\n<li>Geb\u0117ti suvokti tarptautini\u0173 ry\u0161i\u0173 svarb\u0105.<\/li>\n<li>Geb\u0117ti \u012fsis\u0105moninti rinkodaros esm\u0119 ir svarb\u0105.<\/li>\n<li>Mok\u0117ti organizuoti ir atlikti \u012fvairius rinkos tyrimus.<\/li>\n<li>Mok\u0117ti analizuoti \u012fmon\u0117s asortiment\u0105 ir dalyvauti formuojant asortimento politik\u0105.<\/li>\n<li>Mok\u0117ti nustatyti preki\u0173 ir paslaug\u0173 kainas, nuolaid\u0173 sistem\u0105, mok\u0117jimo ir pristatymo terminus.<\/li>\n<li>\u017dinoti reklamos, agitacijos reikalavimusir juos racionaliai naudoti.<\/li>\n<li>Mok\u0117ti naudotis reklamos galimyb\u0117mis.<\/li>\n<li>Geb\u0117ti reklamuoti savo firm\u0105 \u2013 ruo\u0161ti katalogus ir \u012fvairius reklaminius pasi\u016blymus.<\/li>\n<li>Sugeb\u0117ti naudoti u\u017esienio kalb\u0105.<\/li>\n<li>Geb\u0117ti u\u017emegzti ry\u0161ius.<\/li>\n<li>Geb\u0117ti bendrauti ir bendradarbiauti.<\/li>\n<li>Mok\u0117ti atnaujinti \u012fmon\u0117s verslo plan\u0105.<\/li>\n<li>Geb\u0117ti pristatyti savo firm\u0105.<\/li>\n<li>Mok\u0117ti pasiruo\u0161ti mug\u0117ms ir jose dalyvauti.<\/li>\n<li>Mok\u0117ti parduoti prek\u0119, suprasti ir \u012fvertinti klient\u0173 poreikius.<\/li>\n<\/ul>\n<p><strong><u>Tarptautini\u0173 ry\u0161i\u0173 ir rinkodaros skyriaus funkcijos:<\/u><\/strong><\/p>\n<ul>\n<li>Darbas kompiuterin\u0117mis programomis.<\/li>\n<li>\u012emon\u0117s rinkos tyrim\u0173 organizavimas.<\/li>\n<li>Vartotoj\u0173 nuomon\u0117s formavimas.<\/li>\n<li>Katalog\u0173, reklamin\u0117s med\u017eiagos ruo\u0161imas.<\/li>\n<li>Nauj\u0173 bendradarbiavimo ry\u0161i\u0173 paie\u0161ka.<\/li>\n<li>Verslo plano koregavimas.<\/li>\n<li>Pasiruo\u0161imas dalyvauti mug\u0117se.<\/li>\n<li>Internetinio puslapio atnaujinimas.<\/li>\n<li>Firmos ir jos veikos pristatymas.<\/li>\n<li>Verslo lai\u0161kai.<\/li>\n<li>Archyv\u0173 tvarkymas.<\/li>\n<\/ul>\n","protected":false},"excerpt":{"rendered":"<p>Tikslas: \u012ftvirtinti ir prapl\u0117sti teorines \u017einias praktin\u0117je veikloje, b\u016btinas dirbant tarptautini\u0173 ry\u0161i\u0173 ir rinkodaros skyriuje realiose firmose. Su\u017einoti ir pritaikyti pagrindinius rinkodaros principus, padedan\u010dius pasiekti \u017emogaus ir organizacijos tikslus. U\u017edaviniai Geb\u0117ti taikyti LR \u012fstatymus ir po\u012fstatyminius aktus, reglamentuojan\u010dius tarptautini\u0173 ry\u0161i\u0173 ir rinkodaros skyriaus veikl\u0105. Geb\u0117ti suvokti tarptautini\u0173 ry\u0161i\u0173 svarb\u0105. Geb\u0117ti \u012fsis\u0105moninti rinkodaros esm\u0119 ir svarb\u0105. [&hellip;]<\/p>\n","protected":false},"author":3,"featured_media":0,"parent":42,"menu_order":0,"comment_status":"closed","ping_status":"closed","template":"","meta":[],"_links":{"self":[{"href":"https:\/\/vilione.vvf.viko.lt\/index.php?rest_route=\/wp\/v2\/pages\/50"}],"collection":[{"href":"https:\/\/vilione.vvf.viko.lt\/index.php?rest_route=\/wp\/v2\/pages"}],"about":[{"href":"https:\/\/vilione.vvf.viko.lt\/index.php?rest_route=\/wp\/v2\/types\/page"}],"author":[{"embeddable":true,"href":"https:\/\/vilione.vvf.viko.lt\/index.php?rest_route=\/wp\/v2\/users\/3"}],"replies":[{"embeddable":true,"href":"https:\/\/vilione.vvf.viko.lt\/index.php?rest_route=%2Fwp%2Fv2%2Fcomments&post=50"}],"version-history":[{"count":8,"href":"https:\/\/vilione.vvf.viko.lt\/index.php?rest_route=\/wp\/v2\/pages\/50\/revisions"}],"predecessor-version":[{"id":132,"href":"https:\/\/vilione.vvf.viko.lt\/index.php?rest_route=\/wp\/v2\/pages\/50\/revisions\/132"}],"up":[{"embeddable":true,"href":"https:\/\/vilione.vvf.viko.lt\/index.php?rest_route=\/wp\/v2\/pages\/42"}],"wp:attachment":[{"href":"https:\/\/vilione.vvf.viko.lt\/index.php?rest_route=%2Fwp%2Fv2%2Fmedia&parent=50"}],"curies":[{"name":"wp","href":"https:\/\/api.w.org\/{rel}","templated":true}]}}