{"id":48,"date":"2015-09-21T12:38:39","date_gmt":"2015-09-21T10:38:39","guid":{"rendered":"http:\/\/vilione.vvf.viko.lt\/?page_id=48"},"modified":"2015-09-24T13:50:33","modified_gmt":"2015-09-24T11:50:33","slug":"pirkimu-ir-pardavimu-skyrius-2","status":"publish","type":"page","link":"https:\/\/vilione.vvf.viko.lt\/?page_id=48","title":{"rendered":"Pirkim\u0173 ir pardavim\u0173 skyrius"},"content":{"rendered":"<h2><strong>Tikslas:<\/strong><\/h2>\n<p>\u012etvirtinti ir prapl\u0117sti student\u0173 teorines \u017einias praktin\u0117je veikloje. B\u016btinas dirbant pirkimo &#8211; pardavimo (padalinyje) skyriuje, realiose firmose.<\/p>\n<p><strong>SKYRIAUS U\u017dDAVINIAI:<\/strong><\/p>\n<p>Geb\u0117ti taikyti LR \u012fstatymus ir po\u012fstatyminius aktus, reglamentuojan\u010dius \u012fmoni\u0173 pirkimo &#8211; pardavimo skyriaus (padalinio) veikl\u0105.<\/p>\n<ul>\n<li>Geb\u0117ti pa\u017einti rink\u0105 ir jos mechanizmus.<\/li>\n<li>Sugeb\u0117ti prognozuoti bei \u012fvertinti pasi\u016blos ar paklausos strukt\u016br\u0105 ir suprasti jas \u012ftakojan\u010dius veiksnius ir mok\u0117ti juos \u012fvertinti.<\/li>\n<li>Mok\u0117ti tvarkyti pardavimo dokumentus.<\/li>\n<li>\u017dinoti \u012fvairias sutar\u010di\u0173 r\u016b\u0161is ir mok\u0117ti jas palyginti ir taikyti.<\/li>\n<li>Mok\u0117ti vesti preki\u0173 atsarg\u0173 apskait\u0105, bei organizuoti firmai reikaling\u0173 \u017ealiav\u0173, med\u017eiag\u0173, atsarg\u0173, ilgalaikio turto ir kit\u0173 preki\u0173 pirkimus.<\/li>\n<li>Geb\u0117ti formuoti preki\u0173 asortiment\u0105.<\/li>\n<li>Mok\u0117ti kontroliuoti ir \u012fvertinti pasiektus rezultatus.<\/li>\n<li>Geb\u0117ti atrinkti firmai reikalingus gautus reklaminius pasi\u016blymus.<\/li>\n<li>Mok\u0117ti atlikti preki\u0173 u\u017esakym\u0173, preki\u0173 apyvart\u0173, bei pardavim\u0173 analizes.<\/li>\n<li>Suprasti galimus teikimo sutrikimus ir j\u0173 teisines pasekmes.<\/li>\n<li>Geb\u0117ti atrinkti reikalingus tiek\u0117jus.<\/li>\n<li>Sugeb\u0117ti parengti derybas, \u017einoti j\u0173 vykdymo b\u016bdus ir taktik\u0105.<\/li>\n<li>Mok\u0117ti sudaryti pirkimo-pardavimo sutartis su Lietuvos ir u\u017esienio tiek\u0117jais.<\/li>\n<li>Mok\u0117ti atlikti atsarg\u0173 kontrol\u0117s operacijas, i\u0161manyti sand\u0117liavimo eig\u0105.<\/li>\n<li>\u017dinoti ir spr\u0119sti u\u017edavinius, susijusius su preki\u0173 ir s\u0105skait\u0173 gavimu.<\/li>\n<li>Susipa\u017einti su muitin\u0117s importo dokument\u0173 pildym\u0173.<\/li>\n<li>Kontroliuoti terminus.<\/li>\n<li>Mok\u0117ti bendrauti ir bendradarbiauti tarpusavyje bei su kitais skuyriais.<\/li>\n<li>Geb\u0117ti atsakyti \u012f prekybinius lai\u0161kus, pretenzijas bei skundus.<\/li>\n<\/ul>\n<p><strong>PARDAVIMO PADALINIO FUNKCIJOS<\/strong><\/p>\n<ul>\n<li>Darbas kompiuterin\u0117mis programomis<\/li>\n<li>U\u017esakum\u0173 registravimas ir j\u0173 i\u0161pildymas<\/li>\n<li>Sand\u0117lio apskaitos vedimas<\/li>\n<li>Pardavim\u0173 dokument\u0173 tvarkymas<\/li>\n<li>Verslo kontrakt\u0173 sudarymas<\/li>\n<li>Verslo lai\u0161kai<\/li>\n<li>Kontrol\u0117s organizavimas<\/li>\n<li>Archyv\u0173 tvarkymas<\/li>\n<\/ul>\n<p><strong>PIRKIMO PADALINIO FUNKCIJOS<\/strong><\/p>\n<ul>\n<li>Darbas kompiuterin\u0117mis programomis<\/li>\n<li>Rinkos tyrim\u0173 organizavimas<\/li>\n<li>Katalog\u0173, reklamin\u0117s med\u017eiagos u\u017esakymas<\/li>\n<li>Gautos reklamin\u0117s med\u017eiagos tvarkymas<\/li>\n<li>U\u017esakym\u0173 pateikimas<\/li>\n<li>Tiek\u0117j\u0173 apskaitos vedimas<\/li>\n<li>Verslo kontrakt\u0173 sudarymas<\/li>\n<li>Atsarg\u0173 \u012fsigijimo organizavimas<\/li>\n<li>Pirkimo dokument\u0173 tvarkymas<\/li>\n<li>Kontrol\u0117s ogranizavimas<\/li>\n<li>Muitin\u0117s importo dokument\u0173 pildymas<\/li>\n<li>Archyv\u0173 tvarkymas<\/li>\n<\/ul>\n<p>&nbsp;<\/p>\n","protected":false},"excerpt":{"rendered":"<p>Tikslas: \u012etvirtinti ir prapl\u0117sti student\u0173 teorines \u017einias praktin\u0117je veikloje. B\u016btinas dirbant pirkimo &#8211; pardavimo (padalinyje) skyriuje, realiose firmose. SKYRIAUS U\u017dDAVINIAI: Geb\u0117ti taikyti LR \u012fstatymus ir po\u012fstatyminius aktus, reglamentuojan\u010dius \u012fmoni\u0173 pirkimo &#8211; pardavimo skyriaus (padalinio) veikl\u0105. Geb\u0117ti pa\u017einti rink\u0105 ir jos mechanizmus. Sugeb\u0117ti prognozuoti bei \u012fvertinti pasi\u016blos ar paklausos strukt\u016br\u0105 ir suprasti jas \u012ftakojan\u010dius veiksnius ir [&hellip;]<\/p>\n","protected":false},"author":3,"featured_media":0,"parent":42,"menu_order":0,"comment_status":"closed","ping_status":"closed","template":"","meta":[],"_links":{"self":[{"href":"https:\/\/vilione.vvf.viko.lt\/index.php?rest_route=\/wp\/v2\/pages\/48"}],"collection":[{"href":"https:\/\/vilione.vvf.viko.lt\/index.php?rest_route=\/wp\/v2\/pages"}],"about":[{"href":"https:\/\/vilione.vvf.viko.lt\/index.php?rest_route=\/wp\/v2\/types\/page"}],"author":[{"embeddable":true,"href":"https:\/\/vilione.vvf.viko.lt\/index.php?rest_route=\/wp\/v2\/users\/3"}],"replies":[{"embeddable":true,"href":"https:\/\/vilione.vvf.viko.lt\/index.php?rest_route=%2Fwp%2Fv2%2Fcomments&post=48"}],"version-history":[{"count":10,"href":"https:\/\/vilione.vvf.viko.lt\/index.php?rest_route=\/wp\/v2\/pages\/48\/revisions"}],"predecessor-version":[{"id":118,"href":"https:\/\/vilione.vvf.viko.lt\/index.php?rest_route=\/wp\/v2\/pages\/48\/revisions\/118"}],"up":[{"embeddable":true,"href":"https:\/\/vilione.vvf.viko.lt\/index.php?rest_route=\/wp\/v2\/pages\/42"}],"wp:attachment":[{"href":"https:\/\/vilione.vvf.viko.lt\/index.php?rest_route=%2Fwp%2Fv2%2Fmedia&parent=48"}],"curies":[{"name":"wp","href":"https:\/\/api.w.org\/{rel}","templated":true}]}}