{"id":476,"date":"2017-01-13T09:36:21","date_gmt":"2017-01-13T07:36:21","guid":{"rendered":"http:\/\/vilione.vvf.viko.lt\/?page_id=476"},"modified":"2017-01-13T10:49:26","modified_gmt":"2017-01-13T08:49:26","slug":"ib15a","status":"publish","type":"page","link":"https:\/\/vilione.vvf.viko.lt\/?page_id=476","title":{"rendered":"IB15A"},"content":{"rendered":"<p>IB15A grup\u0117s studentai darbavosi, \u0161vent\u0117, juok\u0117si ir gerai leido laik\u0105. I\u0161mokta daug dalyk\u0173, \u012fgyta naudingos patirties.<\/p>\n<p><a href=\"https:\/\/vilione.vvf.viko.lt\/wp-content\/uploads\/2017\/01\/15492476_1198800133536014_6195972715573102739_n.jpg\"><img loading=\"lazy\" class=\"alignnone size-medium wp-image-477\" src=\"https:\/\/vilione.vvf.viko.lt\/wp-content\/uploads\/2017\/01\/15492476_1198800133536014_6195972715573102739_n-300x300.jpg\" alt=\"\" width=\"300\" height=\"300\" srcset=\"https:\/\/vilione.vvf.viko.lt\/wp-content\/uploads\/2017\/01\/15492476_1198800133536014_6195972715573102739_n-300x300.jpg 300w, https:\/\/vilione.vvf.viko.lt\/wp-content\/uploads\/2017\/01\/15492476_1198800133536014_6195972715573102739_n-150x150.jpg 150w, https:\/\/vilione.vvf.viko.lt\/wp-content\/uploads\/2017\/01\/15492476_1198800133536014_6195972715573102739_n.jpg 526w\" sizes=\"(max-width: 300px) 100vw, 300px\" \/><\/a> <a href=\"https:\/\/vilione.vvf.viko.lt\/wp-content\/uploads\/2017\/01\/15385333_1196709897078371_4902253683430434079_o.jpg\"><img loading=\"lazy\" class=\"alignnone size-medium wp-image-478\" src=\"https:\/\/vilione.vvf.viko.lt\/wp-content\/uploads\/2017\/01\/15385333_1196709897078371_4902253683430434079_o-300x204.jpg\" alt=\"\" width=\"300\" height=\"204\" srcset=\"https:\/\/vilione.vvf.viko.lt\/wp-content\/uploads\/2017\/01\/15385333_1196709897078371_4902253683430434079_o-300x204.jpg 300w, https:\/\/vilione.vvf.viko.lt\/wp-content\/uploads\/2017\/01\/15385333_1196709897078371_4902253683430434079_o-768x521.jpg 768w, https:\/\/vilione.vvf.viko.lt\/wp-content\/uploads\/2017\/01\/15385333_1196709897078371_4902253683430434079_o-624x423.jpg 624w, https:\/\/vilione.vvf.viko.lt\/wp-content\/uploads\/2017\/01\/15385333_1196709897078371_4902253683430434079_o.jpg 1023w\" sizes=\"(max-width: 300px) 100vw, 300px\" \/><\/a> <a href=\"https:\/\/vilione.vvf.viko.lt\/wp-content\/uploads\/2017\/01\/15110514_1172401216175906_2805963093967806326_o.jpg\"><img loading=\"lazy\" class=\"alignnone size-medium wp-image-479\" src=\"https:\/\/vilione.vvf.viko.lt\/wp-content\/uploads\/2017\/01\/15110514_1172401216175906_2805963093967806326_o-300x212.jpg\" alt=\"\" width=\"300\" height=\"212\" srcset=\"https:\/\/vilione.vvf.viko.lt\/wp-content\/uploads\/2017\/01\/15110514_1172401216175906_2805963093967806326_o-300x212.jpg 300w, https:\/\/vilione.vvf.viko.lt\/wp-content\/uploads\/2017\/01\/15110514_1172401216175906_2805963093967806326_o-768x543.jpg 768w, https:\/\/vilione.vvf.viko.lt\/wp-content\/uploads\/2017\/01\/15110514_1172401216175906_2805963093967806326_o-1024x724.jpg 1024w, https:\/\/vilione.vvf.viko.lt\/wp-content\/uploads\/2017\/01\/15110514_1172401216175906_2805963093967806326_o-624x441.jpg 624w, https:\/\/vilione.vvf.viko.lt\/wp-content\/uploads\/2017\/01\/15110514_1172401216175906_2805963093967806326_o.jpg 1280w\" sizes=\"(max-width: 300px) 100vw, 300px\" \/><\/a> <a href=\"https:\/\/vilione.vvf.viko.lt\/wp-content\/uploads\/2017\/01\/15540725_1205238616225499_5184468302183228379_o.jpg\"><img loading=\"lazy\" class=\"alignnone size-medium wp-image-480\" src=\"https:\/\/vilione.vvf.viko.lt\/wp-content\/uploads\/2017\/01\/15540725_1205238616225499_5184468302183228379_o-300x277.jpg\" alt=\"\" width=\"300\" height=\"277\" srcset=\"https:\/\/vilione.vvf.viko.lt\/wp-content\/uploads\/2017\/01\/15540725_1205238616225499_5184468302183228379_o-300x277.jpg 300w, https:\/\/vilione.vvf.viko.lt\/wp-content\/uploads\/2017\/01\/15540725_1205238616225499_5184468302183228379_o-768x708.jpg 768w, https:\/\/vilione.vvf.viko.lt\/wp-content\/uploads\/2017\/01\/15540725_1205238616225499_5184468302183228379_o-1024x945.jpg 1024w, https:\/\/vilione.vvf.viko.lt\/wp-content\/uploads\/2017\/01\/15540725_1205238616225499_5184468302183228379_o-624x576.jpg 624w, https:\/\/vilione.vvf.viko.lt\/wp-content\/uploads\/2017\/01\/15540725_1205238616225499_5184468302183228379_o.jpg 2048w\" sizes=\"(max-width: 300px) 100vw, 300px\" \/><\/a> <a href=\"https:\/\/vilione.vvf.viko.lt\/wp-content\/uploads\/2017\/01\/14991835_1163660280383333_2492202915507941942_n.jpg\"><img loading=\"lazy\" class=\"alignnone size-medium wp-image-481\" src=\"https:\/\/vilione.vvf.viko.lt\/wp-content\/uploads\/2017\/01\/14991835_1163660280383333_2492202915507941942_n-300x169.jpg\" alt=\"\" width=\"300\" height=\"169\" srcset=\"https:\/\/vilione.vvf.viko.lt\/wp-content\/uploads\/2017\/01\/14991835_1163660280383333_2492202915507941942_n-300x169.jpg 300w, https:\/\/vilione.vvf.viko.lt\/wp-content\/uploads\/2017\/01\/14991835_1163660280383333_2492202915507941942_n-768x432.jpg 768w, https:\/\/vilione.vvf.viko.lt\/wp-content\/uploads\/2017\/01\/14991835_1163660280383333_2492202915507941942_n-624x351.jpg 624w, https:\/\/vilione.vvf.viko.lt\/wp-content\/uploads\/2017\/01\/14991835_1163660280383333_2492202915507941942_n.jpg 960w\" sizes=\"(max-width: 300px) 100vw, 300px\" \/><\/a><a href=\"https:\/\/vilione.vvf.viko.lt\/wp-content\/uploads\/2017\/01\/hjjhj.png\"><img loading=\"lazy\" class=\"alignnone size-medium wp-image-482\" src=\"https:\/\/vilione.vvf.viko.lt\/wp-content\/uploads\/2017\/01\/hjjhj-300x225.png\" alt=\"\" width=\"300\" height=\"225\" srcset=\"https:\/\/vilione.vvf.viko.lt\/wp-content\/uploads\/2017\/01\/hjjhj-300x225.png 300w, https:\/\/vilione.vvf.viko.lt\/wp-content\/uploads\/2017\/01\/hjjhj-768x576.png 768w, https:\/\/vilione.vvf.viko.lt\/wp-content\/uploads\/2017\/01\/hjjhj-1024x768.png 1024w, https:\/\/vilione.vvf.viko.lt\/wp-content\/uploads\/2017\/01\/hjjhj-624x468.png 624w, https:\/\/vilione.vvf.viko.lt\/wp-content\/uploads\/2017\/01\/hjjhj.png 2048w\" sizes=\"(max-width: 300px) 100vw, 300px\" \/><\/a><a href=\"https:\/\/vilione.vvf.viko.lt\/wp-content\/uploads\/2017\/01\/khkjkh.jpg\"><img loading=\"lazy\" class=\"alignnone size-medium wp-image-483\" src=\"https:\/\/vilione.vvf.viko.lt\/wp-content\/uploads\/2017\/01\/khkjkh-300x169.jpg\" alt=\"\" width=\"300\" height=\"169\" srcset=\"https:\/\/vilione.vvf.viko.lt\/wp-content\/uploads\/2017\/01\/khkjkh-300x169.jpg 300w, https:\/\/vilione.vvf.viko.lt\/wp-content\/uploads\/2017\/01\/khkjkh-768x432.jpg 768w, https:\/\/vilione.vvf.viko.lt\/wp-content\/uploads\/2017\/01\/khkjkh-1024x576.jpg 1024w, https:\/\/vilione.vvf.viko.lt\/wp-content\/uploads\/2017\/01\/khkjkh-624x351.jpg 624w, https:\/\/vilione.vvf.viko.lt\/wp-content\/uploads\/2017\/01\/khkjkh.jpg 1776w\" sizes=\"(max-width: 300px) 100vw, 300px\" \/><\/a><a href=\"https:\/\/vilione.vvf.viko.lt\/wp-content\/uploads\/2017\/01\/jkhkjhkj.jpg\"><img loading=\"lazy\" class=\"alignnone size-medium wp-image-484\" src=\"https:\/\/vilione.vvf.viko.lt\/wp-content\/uploads\/2017\/01\/jkhkjhkj-300x225.jpg\" alt=\"\" width=\"300\" height=\"225\" srcset=\"https:\/\/vilione.vvf.viko.lt\/wp-content\/uploads\/2017\/01\/jkhkjhkj-300x225.jpg 300w, https:\/\/vilione.vvf.viko.lt\/wp-content\/uploads\/2017\/01\/jkhkjhkj-768x576.jpg 768w, https:\/\/vilione.vvf.viko.lt\/wp-content\/uploads\/2017\/01\/jkhkjhkj-1024x768.jpg 1024w, https:\/\/vilione.vvf.viko.lt\/wp-content\/uploads\/2017\/01\/jkhkjhkj-624x468.jpg 624w, https:\/\/vilione.vvf.viko.lt\/wp-content\/uploads\/2017\/01\/jkhkjhkj.jpg 1920w\" sizes=\"(max-width: 300px) 100vw, 300px\" \/><\/a><a href=\"https:\/\/vilione.vvf.viko.lt\/wp-content\/uploads\/2017\/01\/15992133_1400774373290856_1978081421_o.jpg\"><img loading=\"lazy\" class=\"alignnone size-medium wp-image-490\" src=\"https:\/\/vilione.vvf.viko.lt\/wp-content\/uploads\/2017\/01\/15992133_1400774373290856_1978081421_o-300x169.jpg\" alt=\"\" width=\"300\" height=\"169\" srcset=\"https:\/\/vilione.vvf.viko.lt\/wp-content\/uploads\/2017\/01\/15992133_1400774373290856_1978081421_o-300x169.jpg 300w, https:\/\/vilione.vvf.viko.lt\/wp-content\/uploads\/2017\/01\/15992133_1400774373290856_1978081421_o-768x432.jpg 768w, https:\/\/vilione.vvf.viko.lt\/wp-content\/uploads\/2017\/01\/15992133_1400774373290856_1978081421_o-1024x576.jpg 1024w, https:\/\/vilione.vvf.viko.lt\/wp-content\/uploads\/2017\/01\/15992133_1400774373290856_1978081421_o-624x351.jpg 624w, https:\/\/vilione.vvf.viko.lt\/wp-content\/uploads\/2017\/01\/15992133_1400774373290856_1978081421_o.jpg 1280w\" sizes=\"(max-width: 300px) 100vw, 300px\" \/><\/a><\/p>\n","protected":false},"excerpt":{"rendered":"<p>IB15A grup\u0117s studentai darbavosi, \u0161vent\u0117, juok\u0117si ir gerai leido laik\u0105. I\u0161mokta daug dalyk\u0173, \u012fgyta naudingos patirties.<\/p>\n","protected":false},"author":2,"featured_media":0,"parent":80,"menu_order":0,"comment_status":"closed","ping_status":"closed","template":"","meta":[],"_links":{"self":[{"href":"https:\/\/vilione.vvf.viko.lt\/index.php?rest_route=\/wp\/v2\/pages\/476"}],"collection":[{"href":"https:\/\/vilione.vvf.viko.lt\/index.php?rest_route=\/wp\/v2\/pages"}],"about":[{"href":"https:\/\/vilione.vvf.viko.lt\/index.php?rest_route=\/wp\/v2\/types\/page"}],"author":[{"embeddable":true,"href":"https:\/\/vilione.vvf.viko.lt\/index.php?rest_route=\/wp\/v2\/users\/2"}],"replies":[{"embeddable":true,"href":"https:\/\/vilione.vvf.viko.lt\/index.php?rest_route=%2Fwp%2Fv2%2Fcomments&post=476"}],"version-history":[{"count":2,"href":"https:\/\/vilione.vvf.viko.lt\/index.php?rest_route=\/wp\/v2\/pages\/476\/revisions"}],"predecessor-version":[{"id":491,"href":"https:\/\/vilione.vvf.viko.lt\/index.php?rest_route=\/wp\/v2\/pages\/476\/revisions\/491"}],"up":[{"embeddable":true,"href":"https:\/\/vilione.vvf.viko.lt\/index.php?rest_route=\/wp\/v2\/pages\/80"}],"wp:attachment":[{"href":"https:\/\/vilione.vvf.viko.lt\/index.php?rest_route=%2Fwp%2Fv2%2Fmedia&parent=476"}],"curies":[{"name":"wp","href":"https:\/\/api.w.org\/{rel}","templated":true}]}}