{"id":444,"date":"2017-01-09T10:36:42","date_gmt":"2017-01-09T08:36:42","guid":{"rendered":"http:\/\/vilione.vvf.viko.lt\/?page_id=444"},"modified":"2017-01-13T10:32:29","modified_gmt":"2017-01-13T08:32:29","slug":"testas","status":"publish","type":"page","link":"https:\/\/vilione.vvf.viko.lt\/","title":{"rendered":"Apie"},"content":{"rendered":"<p>Imitacin\u0117 bendrov\u0117 \u201eVilion\u0117\u201c \u012fsik\u016brusi Vilniaus kolegijos verslo vadybos fakultete. Esame SimuLith tinklo nariai bei atitinkame tarptautinius EUROPEN kokyb\u0117s standartus ir priklausome pasauliniam imitacini\u0173 bendrovi\u0173 tinklui. Aktyviai dalyvaujame SimuLith centro organizuojamuose renginiuose, tarptautin\u0117se mug\u0117se.<\/p>\n<p>Lietuvoje pirmosios IB \u012fkurtos 1993 metais \u012fgyvendinant Danijos trij\u0173 verslo koled\u017e\u0173 ir Lietuvos Respublikos kult\u016bros ir mokslo ministerijos finansuot\u0105 projekt\u0105.<\/p>\n<p>IB \u201eVilion\u0117\u201c \u2013 kelioni\u0173 agent\u016bra teikianti turizmo paslaugas ir prekiaujanti sporto bei laisvalaikio prek\u0117mis prek\u0117mis. Jos veikla yra tokia pat kaip ir realios firmos, dokumentai kaip realiose \u012fmon\u0117se skirtumas tik tas, kad pinigai yra netikri.<\/p>\n<p><strong>VIZIJA<\/strong> \u2013 nuolat tobul\u0117janti, iniciatyvi bei efektyviai dirbanti imitacin\u0117 bendrov\u0117, turinti did\u017eiausi\u0105 paklaus\u0105 Lietuvoje, s\u0117kmingai bendradarbiaujanti su u\u017esienio partneriais.<\/p>\n<p><strong>MISIJA<\/strong> \u2013 paklausi\u0173 ir kokybi\u0161k\u0173 preki\u0173 bei paslaug\u0173 teikimas ir profesionalus darbas.<\/p>\n<p><strong>TIKSLAS<\/strong> \u2013 profesini\u0173 \u017eini\u0173 (nenaudojant reali\u0173 paslaug\u0173, preki\u0173 ir pinig\u0173) ugdymas versle ir praktini\u0173 \u012fg\u016bd\u017ei\u0173 \u012fgijimas susipa\u017e\u012fstant su realiais dokumentais ir \u012fmon\u0117s veiklos procesais.<\/p>\n<p><strong>Imitacin\u0117s bendrov\u0117s <\/strong>\u2013 tai \u012fmon\u0117s, kurios imituoja tikr\u0173 \u012fmoni\u0173 veikl\u0105, tikroje \u012fmon\u0117je vykstan\u010dius procesus. Imitacin\u0117je bendrov\u0117je viskas yra tikra (finansiniai dokumentai, sutartys, mokes\u010di\u0173 tarifai, dirbama pagal galiojan\u010dius Lietuvos Respublikos teis\u0117s aktus, atsi\u017evelgiama \u012f realius valiut\u0173 kursus ir pan.). Skirtumas tik toks, kad n\u0117ra tikr\u0173 materiali\u0173 preki\u0173 (jos egzistuoja tik dokumentuose) ir pinigai yra netikri (tik imitacinio banko \u012fra\u0161uose, IB buhalterijos knygose bei kituose dokumentuose).<\/p>\n","protected":false},"excerpt":{"rendered":"<p>Imitacin\u0117 bendrov\u0117 \u201eVilion\u0117\u201c \u012fsik\u016brusi Vilniaus kolegijos verslo vadybos fakultete. Esame SimuLith tinklo nariai bei atitinkame tarptautinius EUROPEN kokyb\u0117s standartus ir priklausome pasauliniam imitacini\u0173 bendrovi\u0173 tinklui. Aktyviai dalyvaujame SimuLith centro organizuojamuose renginiuose, tarptautin\u0117se mug\u0117se. Lietuvoje pirmosios IB \u012fkurtos 1993 metais \u012fgyvendinant Danijos trij\u0173 verslo koled\u017e\u0173 ir Lietuvos Respublikos kult\u016bros ir mokslo ministerijos finansuot\u0105 projekt\u0105. IB \u201eVilion\u0117\u201c [&hellip;]<\/p>\n","protected":false},"author":3,"featured_media":0,"parent":0,"menu_order":0,"comment_status":"closed","ping_status":"closed","template":"","meta":[],"_links":{"self":[{"href":"https:\/\/vilione.vvf.viko.lt\/index.php?rest_route=\/wp\/v2\/pages\/444"}],"collection":[{"href":"https:\/\/vilione.vvf.viko.lt\/index.php?rest_route=\/wp\/v2\/pages"}],"about":[{"href":"https:\/\/vilione.vvf.viko.lt\/index.php?rest_route=\/wp\/v2\/types\/page"}],"author":[{"embeddable":true,"href":"https:\/\/vilione.vvf.viko.lt\/index.php?rest_route=\/wp\/v2\/users\/3"}],"replies":[{"embeddable":true,"href":"https:\/\/vilione.vvf.viko.lt\/index.php?rest_route=%2Fwp%2Fv2%2Fcomments&post=444"}],"version-history":[{"count":3,"href":"https:\/\/vilione.vvf.viko.lt\/index.php?rest_route=\/wp\/v2\/pages\/444\/revisions"}],"predecessor-version":[{"id":489,"href":"https:\/\/vilione.vvf.viko.lt\/index.php?rest_route=\/wp\/v2\/pages\/444\/revisions\/489"}],"wp:attachment":[{"href":"https:\/\/vilione.vvf.viko.lt\/index.php?rest_route=%2Fwp%2Fv2%2Fmedia&parent=444"}],"curies":[{"name":"wp","href":"https:\/\/api.w.org\/{rel}","templated":true}]}}