{"id":44,"date":"2015-09-21T12:36:48","date_gmt":"2015-09-21T10:36:48","guid":{"rendered":"http:\/\/vilione.vvf.viko.lt\/?page_id=44"},"modified":"2015-11-25T09:13:02","modified_gmt":"2015-11-25T07:13:02","slug":"finansu-skyrius","status":"publish","type":"page","link":"https:\/\/vilione.vvf.viko.lt\/?page_id=44","title":{"rendered":"Finans\u0173 skyrius"},"content":{"rendered":"<h2><strong>Tikslas:<\/strong><\/h2>\n<p>\u012etvirtinti ir prapl\u0117sti student\u0173 teorines \u017einias praktin\u0117je veikloje, b\u016btinas dirbant finans\u0173 skyriuje, realiose firmose.<\/p>\n<h2>U\u017edaviniai:<\/h2>\n<ul>\n<li>Geb\u0117ti taikyti LR \u012fstatymus ir po\u012fstatyminius aktus, reglamentuojan\u010dius \u012fmoni\u0173 finans\u0173 skyriaus veikl\u0105.<\/li>\n<li>Mok\u0117ti rengti pirmin\u0117s apskaitos duomenis.<\/li>\n<li>Mok\u0117ti tvarkyti \u012fmon\u0117s buhalterin\u0119 apskait\u0105.<\/li>\n<li>Mok\u0117ti apskai\u010diuoti darbuotoj\u0173 darbo u\u017emokest\u012f.<\/li>\n<li>Mok\u0117ti kontroliuoti ir \u012fvertinti pasiektus rezultatus.<\/li>\n<li>Mok\u0117ti sudaryti bandom\u0105j\u012f balans\u0105.<\/li>\n<li>Mok\u0117ti apskai\u010diuoti \u012fmon\u0117s privalomuosius mokes\u010dius.<\/li>\n<li>Mok\u0117ti fiksuoti \u016bkines operacijas.<\/li>\n<li>Geb\u0117ti rengti finansines ataskaitas, s\u0105matas.<\/li>\n<li>Geb\u0117ti paruo\u0161ti pinigini\u0173 pervedim\u0173 dokumentus.<\/li>\n<li>Mok\u0117ti apskai\u010diuoti \u012fmon\u0117s veiklos rezultatus.<\/li>\n<li>Mok\u0117ti bendrauti ir bendradarbiauti tarpusavyje skyriaus viduje bei su kitais firmos skyriais.<\/li>\n<li>Geb\u0117ti atsakyti \u012f lai\u0161kus finansiniais klausimais.<\/li>\n<\/ul>\n<h2>Funkcijos:<\/h2>\n<ul>\n<li>Darbas kompiuterin\u0117mis programomis.<\/li>\n<li>\u016akini\u0173 operacij\u0173 registracija.<\/li>\n<li>Darbo u\u017emokes\u010dio paskai\u010diavimas.<\/li>\n<li>Atsiskaitymas su firmomis.<\/li>\n<li>Mokes\u010di\u0173 mok\u0117jimas.<\/li>\n<li>Bandomojo balanso sudarymas.<\/li>\n<li>Valiut\u0173 kurs\u0173 sekimas.<\/li>\n<li>Banko ataskait\u0173 sutikrinimas.<\/li>\n<li>Kontrol\u0117s funkcijos.<\/li>\n<li>Vyriausyb\u0117s nutarim\u0173, finansiniais klausimais, sekimas.<\/li>\n<li>Verslo lai\u0161k\u0173 ra\u0161ymas.<\/li>\n<li>Archyv\u0173 tvarkymas<\/li>\n<\/ul>\n","protected":false},"excerpt":{"rendered":"<p>Tikslas: \u012etvirtinti ir prapl\u0117sti student\u0173 teorines \u017einias praktin\u0117je veikloje, b\u016btinas dirbant finans\u0173 skyriuje, realiose firmose. U\u017edaviniai: Geb\u0117ti taikyti LR \u012fstatymus ir po\u012fstatyminius aktus, reglamentuojan\u010dius \u012fmoni\u0173 finans\u0173 skyriaus veikl\u0105. Mok\u0117ti rengti pirmin\u0117s apskaitos duomenis. Mok\u0117ti tvarkyti \u012fmon\u0117s buhalterin\u0119 apskait\u0105. Mok\u0117ti apskai\u010diuoti darbuotoj\u0173 darbo u\u017emokest\u012f. Mok\u0117ti kontroliuoti ir \u012fvertinti pasiektus rezultatus. Mok\u0117ti sudaryti bandom\u0105j\u012f balans\u0105. Mok\u0117ti apskai\u010diuoti [&hellip;]<\/p>\n","protected":false},"author":3,"featured_media":0,"parent":42,"menu_order":0,"comment_status":"closed","ping_status":"closed","template":"","meta":[],"_links":{"self":[{"href":"https:\/\/vilione.vvf.viko.lt\/index.php?rest_route=\/wp\/v2\/pages\/44"}],"collection":[{"href":"https:\/\/vilione.vvf.viko.lt\/index.php?rest_route=\/wp\/v2\/pages"}],"about":[{"href":"https:\/\/vilione.vvf.viko.lt\/index.php?rest_route=\/wp\/v2\/types\/page"}],"author":[{"embeddable":true,"href":"https:\/\/vilione.vvf.viko.lt\/index.php?rest_route=\/wp\/v2\/users\/3"}],"replies":[{"embeddable":true,"href":"https:\/\/vilione.vvf.viko.lt\/index.php?rest_route=%2Fwp%2Fv2%2Fcomments&post=44"}],"version-history":[{"count":6,"href":"https:\/\/vilione.vvf.viko.lt\/index.php?rest_route=\/wp\/v2\/pages\/44\/revisions"}],"predecessor-version":[{"id":257,"href":"https:\/\/vilione.vvf.viko.lt\/index.php?rest_route=\/wp\/v2\/pages\/44\/revisions\/257"}],"up":[{"embeddable":true,"href":"https:\/\/vilione.vvf.viko.lt\/index.php?rest_route=\/wp\/v2\/pages\/42"}],"wp:attachment":[{"href":"https:\/\/vilione.vvf.viko.lt\/index.php?rest_route=%2Fwp%2Fv2%2Fmedia&parent=44"}],"curies":[{"name":"wp","href":"https:\/\/api.w.org\/{rel}","templated":true}]}}