{"id":289,"date":"2015-12-01T09:22:39","date_gmt":"2015-12-01T07:22:39","guid":{"rendered":"http:\/\/vilione.vvf.viko.lt\/?page_id=289"},"modified":"2016-01-06T11:20:37","modified_gmt":"2016-01-06T09:20:37","slug":"ib13a","status":"publish","type":"page","link":"https:\/\/vilione.vvf.viko.lt\/?page_id=289","title":{"rendered":"IB13A"},"content":{"rendered":"<p style=\"text-align: center;\">Sugr\u012f\u017eome po \u0161ven\u010di\u0173 \u012f darb\u0105!!<\/p>\n<p><a href=\"https:\/\/vilione.vvf.viko.lt\/wp-content\/uploads\/2015\/12\/12483476_1160775110607273_803329860_n.jpg\"><img loading=\"lazy\" class=\"alignnone wp-image-362\" src=\"https:\/\/vilione.vvf.viko.lt\/wp-content\/uploads\/2015\/12\/12483476_1160775110607273_803329860_n-225x300.jpg\" alt=\"12483476_1160775110607273_803329860_n\" width=\"212\" height=\"283\" srcset=\"https:\/\/vilione.vvf.viko.lt\/wp-content\/uploads\/2015\/12\/12483476_1160775110607273_803329860_n-225x300.jpg 225w, https:\/\/vilione.vvf.viko.lt\/wp-content\/uploads\/2015\/12\/12483476_1160775110607273_803329860_n-624x832.jpg 624w, https:\/\/vilione.vvf.viko.lt\/wp-content\/uploads\/2015\/12\/12483476_1160775110607273_803329860_n.jpg 720w\" sizes=\"(max-width: 212px) 100vw, 212px\" \/><\/a><a href=\"https:\/\/vilione.vvf.viko.lt\/wp-content\/uploads\/2015\/12\/12506590_1160775087273942_637600923_n.jpg\"><img loading=\"lazy\" class=\"alignnone wp-image-363\" src=\"https:\/\/vilione.vvf.viko.lt\/wp-content\/uploads\/2015\/12\/12506590_1160775087273942_637600923_n-300x225.jpg\" alt=\"12506590_1160775087273942_637600923_n\" width=\"371\" height=\"278\" srcset=\"https:\/\/vilione.vvf.viko.lt\/wp-content\/uploads\/2015\/12\/12506590_1160775087273942_637600923_n-300x225.jpg 300w, https:\/\/vilione.vvf.viko.lt\/wp-content\/uploads\/2015\/12\/12506590_1160775087273942_637600923_n-624x468.jpg 624w, https:\/\/vilione.vvf.viko.lt\/wp-content\/uploads\/2015\/12\/12506590_1160775087273942_637600923_n.jpg 960w\" sizes=\"(max-width: 371px) 100vw, 371px\" \/><\/a><\/p>\n<p><a href=\"https:\/\/vilione.vvf.viko.lt\/wp-content\/uploads\/2015\/12\/12506654_1160775117273939_748474886_n.jpg\"><img loading=\"lazy\" class=\"alignnone size-medium wp-image-364\" src=\"https:\/\/vilione.vvf.viko.lt\/wp-content\/uploads\/2015\/12\/12506654_1160775117273939_748474886_n-300x225.jpg\" alt=\"12506654_1160775117273939_748474886_n\" width=\"300\" height=\"225\" srcset=\"https:\/\/vilione.vvf.viko.lt\/wp-content\/uploads\/2015\/12\/12506654_1160775117273939_748474886_n-300x225.jpg 300w, https:\/\/vilione.vvf.viko.lt\/wp-content\/uploads\/2015\/12\/12506654_1160775117273939_748474886_n-624x468.jpg 624w, https:\/\/vilione.vvf.viko.lt\/wp-content\/uploads\/2015\/12\/12506654_1160775117273939_748474886_n.jpg 960w\" sizes=\"(max-width: 300px) 100vw, 300px\" \/><\/a><a href=\"https:\/\/vilione.vvf.viko.lt\/wp-content\/uploads\/2015\/12\/12506655_1160775097273941_1140919740_n.jpg\"><img loading=\"lazy\" class=\"alignnone size-medium wp-image-365\" src=\"https:\/\/vilione.vvf.viko.lt\/wp-content\/uploads\/2015\/12\/12506655_1160775097273941_1140919740_n-300x225.jpg\" alt=\"12506655_1160775097273941_1140919740_n\" width=\"300\" height=\"225\" srcset=\"https:\/\/vilione.vvf.viko.lt\/wp-content\/uploads\/2015\/12\/12506655_1160775097273941_1140919740_n-300x225.jpg 300w, https:\/\/vilione.vvf.viko.lt\/wp-content\/uploads\/2015\/12\/12506655_1160775097273941_1140919740_n-624x468.jpg 624w, https:\/\/vilione.vvf.viko.lt\/wp-content\/uploads\/2015\/12\/12506655_1160775097273941_1140919740_n.jpg 960w\" sizes=\"(max-width: 300px) 100vw, 300px\" \/><\/a><\/p>\n<p style=\"text-align: center;\">Darbas vyksta, nieks nepyksta!!<\/p>\n<p><a href=\"https:\/\/vilione.vvf.viko.lt\/wp-content\/uploads\/2015\/12\/11227939_913920965357267_8934319155118914499_n.jpg\"><img loading=\"lazy\" class=\"alignnone size-medium wp-image-290\" src=\"https:\/\/vilione.vvf.viko.lt\/wp-content\/uploads\/2015\/12\/11227939_913920965357267_8934319155118914499_n-300x300.jpg\" alt=\"11227939_913920965357267_8934319155118914499_n\" width=\"300\" height=\"300\" srcset=\"https:\/\/vilione.vvf.viko.lt\/wp-content\/uploads\/2015\/12\/11227939_913920965357267_8934319155118914499_n-300x300.jpg 300w, https:\/\/vilione.vvf.viko.lt\/wp-content\/uploads\/2015\/12\/11227939_913920965357267_8934319155118914499_n-150x150.jpg 150w, https:\/\/vilione.vvf.viko.lt\/wp-content\/uploads\/2015\/12\/11227939_913920965357267_8934319155118914499_n-624x624.jpg 624w, https:\/\/vilione.vvf.viko.lt\/wp-content\/uploads\/2015\/12\/11227939_913920965357267_8934319155118914499_n.jpg 960w\" sizes=\"(max-width: 300px) 100vw, 300px\" \/><\/a> <a href=\"https:\/\/vilione.vvf.viko.lt\/wp-content\/uploads\/2015\/12\/11990626_913921002023930_2835678206786963113_n.jpg\"><img loading=\"lazy\" class=\"alignnone size-medium wp-image-291\" src=\"https:\/\/vilione.vvf.viko.lt\/wp-content\/uploads\/2015\/12\/11990626_913921002023930_2835678206786963113_n-300x300.jpg\" alt=\"11990626_913921002023930_2835678206786963113_n\" width=\"300\" height=\"300\" srcset=\"https:\/\/vilione.vvf.viko.lt\/wp-content\/uploads\/2015\/12\/11990626_913921002023930_2835678206786963113_n-300x300.jpg 300w, https:\/\/vilione.vvf.viko.lt\/wp-content\/uploads\/2015\/12\/11990626_913921002023930_2835678206786963113_n-150x150.jpg 150w, https:\/\/vilione.vvf.viko.lt\/wp-content\/uploads\/2015\/12\/11990626_913921002023930_2835678206786963113_n-624x624.jpg 624w, https:\/\/vilione.vvf.viko.lt\/wp-content\/uploads\/2015\/12\/11990626_913921002023930_2835678206786963113_n.jpg 960w\" sizes=\"(max-width: 300px) 100vw, 300px\" \/><\/a> <a href=\"https:\/\/vilione.vvf.viko.lt\/wp-content\/uploads\/2015\/12\/12227551_913920958690601_583187393620392371_n.jpg\"><img loading=\"lazy\" class=\"alignnone size-medium wp-image-292\" src=\"https:\/\/vilione.vvf.viko.lt\/wp-content\/uploads\/2015\/12\/12227551_913920958690601_583187393620392371_n-300x300.jpg\" alt=\"12227551_913920958690601_583187393620392371_n\" width=\"300\" height=\"300\" srcset=\"https:\/\/vilione.vvf.viko.lt\/wp-content\/uploads\/2015\/12\/12227551_913920958690601_583187393620392371_n-300x300.jpg 300w, https:\/\/vilione.vvf.viko.lt\/wp-content\/uploads\/2015\/12\/12227551_913920958690601_583187393620392371_n-150x150.jpg 150w, https:\/\/vilione.vvf.viko.lt\/wp-content\/uploads\/2015\/12\/12227551_913920958690601_583187393620392371_n-624x624.jpg 624w, https:\/\/vilione.vvf.viko.lt\/wp-content\/uploads\/2015\/12\/12227551_913920958690601_583187393620392371_n.jpg 960w\" sizes=\"(max-width: 300px) 100vw, 300px\" \/><\/a> <a href=\"https:\/\/vilione.vvf.viko.lt\/wp-content\/uploads\/2015\/12\/12243300_913920925357271_2745742310823519237_n.jpg\"><img loading=\"lazy\" class=\"alignnone size-medium wp-image-293\" src=\"https:\/\/vilione.vvf.viko.lt\/wp-content\/uploads\/2015\/12\/12243300_913920925357271_2745742310823519237_n-300x300.jpg\" alt=\"12243300_913920925357271_2745742310823519237_n\" width=\"300\" height=\"300\" srcset=\"https:\/\/vilione.vvf.viko.lt\/wp-content\/uploads\/2015\/12\/12243300_913920925357271_2745742310823519237_n-300x300.jpg 300w, https:\/\/vilione.vvf.viko.lt\/wp-content\/uploads\/2015\/12\/12243300_913920925357271_2745742310823519237_n-150x150.jpg 150w, https:\/\/vilione.vvf.viko.lt\/wp-content\/uploads\/2015\/12\/12243300_913920925357271_2745742310823519237_n-624x624.jpg 624w, https:\/\/vilione.vvf.viko.lt\/wp-content\/uploads\/2015\/12\/12243300_913920925357271_2745742310823519237_n.jpg 960w\" sizes=\"(max-width: 300px) 100vw, 300px\" \/><\/a> <a href=\"https:\/\/vilione.vvf.viko.lt\/wp-content\/uploads\/2015\/12\/12246726_913920918690605_8305368356639498251_n.jpg\"><img loading=\"lazy\" class=\"alignnone size-medium wp-image-294\" src=\"https:\/\/vilione.vvf.viko.lt\/wp-content\/uploads\/2015\/12\/12246726_913920918690605_8305368356639498251_n-300x300.jpg\" alt=\"12246726_913920918690605_8305368356639498251_n\" width=\"300\" height=\"300\" srcset=\"https:\/\/vilione.vvf.viko.lt\/wp-content\/uploads\/2015\/12\/12246726_913920918690605_8305368356639498251_n-300x300.jpg 300w, https:\/\/vilione.vvf.viko.lt\/wp-content\/uploads\/2015\/12\/12246726_913920918690605_8305368356639498251_n-150x150.jpg 150w, https:\/\/vilione.vvf.viko.lt\/wp-content\/uploads\/2015\/12\/12246726_913920918690605_8305368356639498251_n-624x624.jpg 624w, https:\/\/vilione.vvf.viko.lt\/wp-content\/uploads\/2015\/12\/12246726_913920918690605_8305368356639498251_n.jpg 960w\" sizes=\"(max-width: 300px) 100vw, 300px\" \/><\/a> <a href=\"https:\/\/vilione.vvf.viko.lt\/wp-content\/uploads\/2015\/12\/12278746_913921005357263_9099454172155552061_n.jpg\"><img loading=\"lazy\" class=\"alignnone size-medium wp-image-295\" src=\"https:\/\/vilione.vvf.viko.lt\/wp-content\/uploads\/2015\/12\/12278746_913921005357263_9099454172155552061_n-300x300.jpg\" alt=\"12278746_913921005357263_9099454172155552061_n\" width=\"300\" height=\"300\" srcset=\"https:\/\/vilione.vvf.viko.lt\/wp-content\/uploads\/2015\/12\/12278746_913921005357263_9099454172155552061_n-300x300.jpg 300w, https:\/\/vilione.vvf.viko.lt\/wp-content\/uploads\/2015\/12\/12278746_913921005357263_9099454172155552061_n-150x150.jpg 150w, https:\/\/vilione.vvf.viko.lt\/wp-content\/uploads\/2015\/12\/12278746_913921005357263_9099454172155552061_n-624x624.jpg 624w, https:\/\/vilione.vvf.viko.lt\/wp-content\/uploads\/2015\/12\/12278746_913921005357263_9099454172155552061_n.jpg 960w\" sizes=\"(max-width: 300px) 100vw, 300px\" \/><\/a> <a href=\"https:\/\/vilione.vvf.viko.lt\/wp-content\/uploads\/2015\/12\/12279011_913921025357261_3838979007762195129_n.jpg\"><img loading=\"lazy\" class=\"alignnone size-medium wp-image-296\" src=\"https:\/\/vilione.vvf.viko.lt\/wp-content\/uploads\/2015\/12\/12279011_913921025357261_3838979007762195129_n-300x300.jpg\" alt=\"12279011_913921025357261_3838979007762195129_n\" width=\"300\" height=\"300\" srcset=\"https:\/\/vilione.vvf.viko.lt\/wp-content\/uploads\/2015\/12\/12279011_913921025357261_3838979007762195129_n-300x300.jpg 300w, https:\/\/vilione.vvf.viko.lt\/wp-content\/uploads\/2015\/12\/12279011_913921025357261_3838979007762195129_n-150x150.jpg 150w, https:\/\/vilione.vvf.viko.lt\/wp-content\/uploads\/2015\/12\/12279011_913921025357261_3838979007762195129_n-624x624.jpg 624w, https:\/\/vilione.vvf.viko.lt\/wp-content\/uploads\/2015\/12\/12279011_913921025357261_3838979007762195129_n.jpg 960w\" sizes=\"(max-width: 300px) 100vw, 300px\" \/><\/a> <a href=\"https:\/\/vilione.vvf.viko.lt\/wp-content\/uploads\/2015\/12\/12279138_913921018690595_4921106739851948078_n.jpg\"><img loading=\"lazy\" class=\"alignnone size-medium wp-image-297\" src=\"https:\/\/vilione.vvf.viko.lt\/wp-content\/uploads\/2015\/12\/12279138_913921018690595_4921106739851948078_n-300x300.jpg\" alt=\"12279138_913921018690595_4921106739851948078_n\" width=\"300\" height=\"300\" srcset=\"https:\/\/vilione.vvf.viko.lt\/wp-content\/uploads\/2015\/12\/12279138_913921018690595_4921106739851948078_n-300x300.jpg 300w, https:\/\/vilione.vvf.viko.lt\/wp-content\/uploads\/2015\/12\/12279138_913921018690595_4921106739851948078_n-150x150.jpg 150w, https:\/\/vilione.vvf.viko.lt\/wp-content\/uploads\/2015\/12\/12279138_913921018690595_4921106739851948078_n-624x624.jpg 624w, https:\/\/vilione.vvf.viko.lt\/wp-content\/uploads\/2015\/12\/12279138_913921018690595_4921106739851948078_n.jpg 960w\" sizes=\"(max-width: 300px) 100vw, 300px\" \/><\/a><\/p>\n","protected":false},"excerpt":{"rendered":"<p>Sugr\u012f\u017eome po \u0161ven\u010di\u0173 \u012f darb\u0105!! Darbas vyksta, nieks nepyksta!!<\/p>\n","protected":false},"author":3,"featured_media":0,"parent":80,"menu_order":0,"comment_status":"closed","ping_status":"closed","template":"","meta":[],"_links":{"self":[{"href":"https:\/\/vilione.vvf.viko.lt\/index.php?rest_route=\/wp\/v2\/pages\/289"}],"collection":[{"href":"https:\/\/vilione.vvf.viko.lt\/index.php?rest_route=\/wp\/v2\/pages"}],"about":[{"href":"https:\/\/vilione.vvf.viko.lt\/index.php?rest_route=\/wp\/v2\/types\/page"}],"author":[{"embeddable":true,"href":"https:\/\/vilione.vvf.viko.lt\/index.php?rest_route=\/wp\/v2\/users\/3"}],"replies":[{"embeddable":true,"href":"https:\/\/vilione.vvf.viko.lt\/index.php?rest_route=%2Fwp%2Fv2%2Fcomments&post=289"}],"version-history":[{"count":4,"href":"https:\/\/vilione.vvf.viko.lt\/index.php?rest_route=\/wp\/v2\/pages\/289\/revisions"}],"predecessor-version":[{"id":368,"href":"https:\/\/vilione.vvf.viko.lt\/index.php?rest_route=\/wp\/v2\/pages\/289\/revisions\/368"}],"up":[{"embeddable":true,"href":"https:\/\/vilione.vvf.viko.lt\/index.php?rest_route=\/wp\/v2\/pages\/80"}],"wp:attachment":[{"href":"https:\/\/vilione.vvf.viko.lt\/index.php?rest_route=%2Fwp%2Fv2%2Fmedia&parent=289"}],"curies":[{"name":"wp","href":"https:\/\/api.w.org\/{rel}","templated":true}]}}